{"id":32656,"date":"2026-02-03T14:21:18","date_gmt":"2026-02-03T12:21:18","guid":{"rendered":"https:\/\/hairstyle-news.hr\/festival\/?page_id=32656"},"modified":"2026-02-04T14:24:49","modified_gmt":"2026-02-04T12:24:49","slug":"ulaznice-hands-on-2026","status":"publish","type":"page","link":"https:\/\/hairstyle-news.hr\/festival\/ulaznice-hands-on-2026\/","title":{"rendered":"Ulaznice 2026 &#8211; Hands On"},"content":{"rendered":"<div id=\"kontakt-stranica-forma-wrapper\" class=\"izlagaci-forma\">\n<div id=\"kontakt-stranica-forma-inner\" class=\"teneighty-block\">\n<div id=\"naslovna-logo-wrapper\">\n<div id=\"naslovna-logo-inner\" class=\"teneighty-block\"><img decoding=\"async\" src=\"\/festival\/wp-content\/uploads\/2025\/09\/LogoHSN2026.png\" class=\"eds-on-scroll eds-scroll-visible animated zoomIn duration2\"><\/div>\n<\/div>\n<h2 class=\"big-title big-title-kava\">Ulaznice za<br \/>\n<span>HANDS-ON RADIONICE<\/span><\/h2>\n<p class=\"divider-alt\"><img decoding=\"async\" class=\"divider-white\" src=\"\/festival\/wp-content\/uploads\/2017\/12\/divider-1.png\"><\/p>\n<p id=\"izlagaci-kontakt-uvod\" class=\"izlagaci-kontakt-uvod-kava\"><span id=\"kava-mjesto\"><b>Hotel Imperial<\/b><\/span><\/p>\n<p><\/br><\/p>\n<p id=\"izlagaci-kontakt-uvod\" class=\"izlagaci-kontakt-uvod-kava\"><span id=\"kava-datum\">Radionica 1 \u2013 Andrea Amighetti (subota): <b>14.3.2026.<\/b><\/span> <span id=\"kava-vrijeme\"><b>11:00 &#8211; 16:00<\/b><\/span><br \/>\n<span id=\"kava-datum\">Radionica 2 &#8211; Jean-Baptiste Mazella (nedjelja): <b>15.3.2026.<\/b><\/span> <span id=\"kava-vrijeme\"><b>11:00 &#8211; 15:00<\/b><\/span><\/p>\n<hr class=\"line-spacer-cjenik line-spacer-cjenik-2\">\n<p id=\"izlagaci-kontakt-uvod\" class=\"izlagaci-kontakt-uvod-kava\"><span id=\"kava-cijena\">Cijena za jednu radionicu (subota ili nedjelja): <b>450,00 \u20ac<\/b><\/span><\/p>\n<p id=\"izlagaci-kontakt-uvod\" class=\"izlagaci-kontakt-uvod-alt\">Molimo vas da ispunite obrazac u nastavku kako biste naru\u010dili ulaznicu za ove radionice. Ponovite proces narud\u017ebe ako trebate ulaznice za vi\u0161e osoba.<\/p>\n<p id=\"izlagaci-kontakt-uvod\">Po zaprimljenoj narud\u017ebi, poslat \u0107emo vam ra\u010dun za naru\u010dene ulaznice na e-mail. Svoje mjesto potvr\u0111ujete pla\u0107anjem ra\u010duna.<\/p>\n<p id=\"izlagaci-kontakt-uvod\"><b>U cijeni ulaznice su<\/b> frizerska lutka za \u0161i\u0161anje i diploma o sudjelovanju na radionici.<\/p>\n<p id=\"izlagaci-kontakt-uvod\">Broj mjesta na radionicama je ograni\u010den. Sva polja u obrascu su obavezna.<\/p>\n<div id=\"izlagaci-podaci-wrapper\">\n<div id=\"izlagaci-podaci-inner\">\n\n<div class=\"wpcf7 no-js\" id=\"wpcf7-f32178-o1\" lang=\"hr\" dir=\"ltr\" data-wpcf7-id=\"32178\">\n<div class=\"screen-reader-response\"><p role=\"status\" aria-live=\"polite\" aria-atomic=\"true\"><\/p> <ul><\/ul><\/div>\n<form action=\"\/festival\/wp-json\/wp\/v2\/pages\/32656#wpcf7-f32178-o1\" method=\"post\" class=\"wpcf7-form init\" aria-label=\"Kontakt obrazac\" novalidate=\"novalidate\" data-status=\"init\">\n<fieldset class=\"hidden-fields-container\"><input type=\"hidden\" name=\"_wpcf7\" value=\"32178\" \/><input type=\"hidden\" name=\"_wpcf7_version\" value=\"6.1.5\" \/><input type=\"hidden\" name=\"_wpcf7_locale\" value=\"hr\" \/><input type=\"hidden\" name=\"_wpcf7_unit_tag\" value=\"wpcf7-f32178-o1\" \/><input type=\"hidden\" name=\"_wpcf7_container_post\" value=\"0\" \/><input type=\"hidden\" name=\"_wpcf7_posted_data_hash\" value=\"\" \/>\n<\/fieldset>\n<div id=\"izlagaci-podaci-osnovno\">\n\t<p class=\"izlagaci-podaci-label\">Naziv tvrtke \/ obrta\n\t<\/p>\n\t<p class=\"izlagaci-podaci-field-full\"><span class=\"wpcf7-form-control-wrap\" data-name=\"your-name\"><input size=\"40\" maxlength=\"400\" class=\"wpcf7-form-control wpcf7-text wpcf7-validates-as-required\" aria-required=\"true\" aria-invalid=\"false\" value=\"\" type=\"text\" name=\"your-name\" \/><\/span>\n\t<\/p>\n\t<p class=\"izlagaci-podaci-label\">OIB\n\t<\/p>\n\t<p class=\"izlagaci-podaci-field-full\"><span class=\"wpcf7-form-control-wrap\" data-name=\"your-oib\"><input size=\"40\" maxlength=\"400\" class=\"wpcf7-form-control wpcf7-text wpcf7-validates-as-required\" aria-required=\"true\" aria-invalid=\"false\" value=\"\" type=\"text\" name=\"your-oib\" \/><\/span>\n\t<\/p>\n\t<p class=\"izlagaci-podaci-label\">Ulica i broj\n\t<\/p>\n\t<p class=\"izlagaci-podaci-field-full\"><span class=\"wpcf7-form-control-wrap\" data-name=\"your-address\"><input size=\"40\" maxlength=\"400\" class=\"wpcf7-form-control wpcf7-text wpcf7-validates-as-required\" aria-required=\"true\" aria-invalid=\"false\" value=\"\" type=\"text\" name=\"your-address\" \/><\/span>\n\t<\/p>\n\t<p class=\"izlagaci-podaci-label\">Po\u0161tanski broj i mjesto\n\t<\/p>\n\t<p class=\"izlagaci-podaci-field-full\"><span class=\"wpcf7-form-control-wrap\" data-name=\"your-town\"><input size=\"40\" maxlength=\"400\" class=\"wpcf7-form-control wpcf7-text wpcf7-validates-as-required\" aria-required=\"true\" aria-invalid=\"false\" value=\"\" type=\"text\" name=\"your-town\" \/><\/span>\n\t<\/p>\n\t<p class=\"izlagaci-podaci-label\">Kontakt telefon\n\t<\/p>\n\t<p class=\"izlagaci-podaci-field-full\"><span class=\"wpcf7-form-control-wrap\" data-name=\"your-phone\"><input size=\"40\" maxlength=\"400\" class=\"wpcf7-form-control wpcf7-text wpcf7-validates-as-required\" aria-required=\"true\" aria-invalid=\"false\" value=\"\" type=\"text\" name=\"your-phone\" \/><\/span>\n\t<\/p>\n\t<p class=\"izlagaci-podaci-label\">E-mail adresa\n\t<\/p>\n\t<p class=\"izlagaci-podaci-field-full\"><span class=\"wpcf7-form-control-wrap\" data-name=\"your-mail\"><input size=\"40\" maxlength=\"400\" class=\"wpcf7-form-control wpcf7-email wpcf7-validates-as-required wpcf7-text wpcf7-validates-as-email\" aria-required=\"true\" aria-invalid=\"false\" value=\"\" type=\"email\" name=\"your-mail\" \/><\/span>\n\t<\/p>\n\t<p class=\"izlagaci-podaci-label\">Vrsta ulaznice\n\t<\/p>\n\t<p class=\"izlagaci-podaci-field-full\"><span class=\"wpcf7-form-control-wrap\" data-name=\"select-129\"><select class=\"wpcf7-form-control wpcf7-select wpcf7-validates-as-required\" aria-required=\"true\" aria-invalid=\"false\" name=\"select-129\"><option value=\"\">Odaberite radionicu:<\/option><option value=\"Radionica 1 - Andrea Amighetti (subota) 450,00\u20ac\">Radionica 1 - Andrea Amighetti (subota) 450,00\u20ac<\/option><option value=\"Radionica 2 - Jean-Baptiste Mazella (nedjelja) 450,00\u20ac\">Radionica 2 - Jean-Baptiste Mazella (nedjelja) 450,00\u20ac<\/option><\/select><\/span>\n\t<\/p>\n\t<div class=\"clear\">\n\t<\/div>\n<\/div>\n<div id=\"izlagaci-podaci-opis\">\n\t<div class=\"izlagaci-podaci-label\">\n\t\t<p>Ulaznica glasi na ime i prezime polaznika radionice. Molimo vas da za izradu diploma to\u010dno upi\u0161ete ime i prezime osobe za koju naru\u010dujete ulaznicu.\n\t\t<\/p>\n\t<\/div>\n\t<div class=\"izlagaci-podaci-field-full\">\n\t\t<p><span class=\"wpcf7-form-control-wrap\" data-name=\"partecipant-name\"><input size=\"40\" maxlength=\"400\" class=\"wpcf7-form-control wpcf7-text wpcf7-validates-as-required\" aria-required=\"true\" aria-invalid=\"false\" value=\"\" type=\"text\" name=\"partecipant-name\" \/><\/span>\n\t\t<\/p>\n\t<\/div>\n\t<div class=\"clear\">\n\t<\/div>\n<\/div>\n<div id=\"gdrp-checkbox-kontakt\">\n\t<p><span class=\"wpcf7-form-control-wrap\" data-name=\"acceptance-935\"><span class=\"wpcf7-form-control wpcf7-acceptance\"><span class=\"wpcf7-list-item\"><label><input type=\"checkbox\" name=\"acceptance-935\" value=\"1\" aria-invalid=\"false\" \/><span class=\"wpcf7-list-item-label\">Izjavljujem da su gornji podaci to\u010dni i prihva\u0107am <a href=\"\/festival\/uvjeti-koristenja\/\" target=\"_blank\">Uvjete kori\u0161tenja<\/a> i <a href=\"\/festival\/zastita-osobnih-podataka\/\" target=\"_blank\">Pravila za\u0161tite privatnosti<\/a>  web stranice Harstyle-News.hr<\/span><\/label><\/span><\/span><\/span>\n\t<\/p>\n<\/div>\n<p id=\"izlagaci-podaci-posalji\"><input class=\"wpcf7-form-control wpcf7-submit has-spinner\" type=\"submit\" value=\"Po\u0161alji\" \/>\n<\/p><input type='hidden' class='wpcf7-pum' value='{\"closepopup\":false,\"closedelay\":0,\"openpopup\":false,\"openpopup_id\":0}' \/><div class=\"wpcf7-response-output\" aria-hidden=\"true\"><\/div>\n<\/form>\n<\/div>\n<\/div>\n<\/div>\n<\/div>\n<\/div>\n<p><!-- end of kontakt-stranica-forma-wrapper --><\/p>\n","protected":false},"excerpt":{"rendered":"<p>Ulaznice za HANDS-ON RADIONICE Hotel Imperial Radionica 1 \u2013 Andrea Amighetti (subota): 14.3.2026. 11:00 &#8211; 16:00 Radionica 2 &#8211; Jean-Baptiste Mazella (nedjelja): 15.3.2026. 11:00 &#8211; 15:00 Cijena za jednu radionicu (subota ili nedjelja): 450,00 \u20ac Molimo vas da ispunite obrazac u nastavku kako biste naru\u010dili ulaznicu za ove radionice. Ponovite proces narud\u017ebe ako trebate ulaznice &hellip; <\/p>\n<p class=\"link-more\"><a href=\"https:\/\/hairstyle-news.hr\/festival\/ulaznice-hands-on-2026\/\" class=\"more-link\">Nastavi \u010ditati<span class=\"screen-reader-text\"> &#8220;Ulaznice 2026 &#8211; Hands On&#8221;<\/span><\/a><\/p>\n","protected":false},"author":1,"featured_media":32461,"parent":0,"menu_order":0,"comment_status":"closed","ping_status":"closed","template":"","meta":{"ngg_post_thumbnail":0,"footnotes":""},"class_list":["post-32656","page","type-page","status-publish","has-post-thumbnail","hentry"],"yoast_head":"<!-- This site is optimized with the Yoast SEO plugin v27.0 - https:\/\/yoast.com\/product\/yoast-seo-wordpress\/ -->\n<title>Ulaznice 2026 - Hands On - Hairstyle News Festival<\/title>\n<meta name=\"robots\" content=\"index, follow, max-snippet:-1, max-image-preview:large, max-video-preview:-1\" \/>\n<link rel=\"canonical\" href=\"https:\/\/hairstyle-news.hr\/festival\/ulaznice-hands-on-2026\/\" \/>\n<meta property=\"og:locale\" content=\"hr_HR\" \/>\n<meta property=\"og:type\" content=\"article\" \/>\n<meta property=\"og:title\" content=\"Ulaznice 2026 - Hands On - Hairstyle News Festival\" \/>\n<meta property=\"og:description\" content=\"Ulaznice za HANDS-ON RADIONICE Hotel Imperial Radionica 1 \u2013 Andrea Amighetti (subota): 14.3.2026. 11:00 &#8211; 16:00 Radionica 2 &#8211; Jean-Baptiste Mazella (nedjelja): 15.3.2026. 11:00 &#8211; 15:00 Cijena za jednu radionicu (subota ili nedjelja): 450,00 \u20ac Molimo vas da ispunite obrazac u nastavku kako biste naru\u010dili ulaznicu za ove radionice. Ponovite proces narud\u017ebe ako trebate ulaznice &hellip; Nastavi \u010ditati &quot;Ulaznice 2026 &#8211; Hands On&quot;\" \/>\n<meta property=\"og:url\" content=\"https:\/\/hairstyle-news.hr\/festival\/ulaznice-hands-on-2026\/\" \/>\n<meta property=\"og:site_name\" content=\"Hairstyle News Festival\" \/>\n<meta property=\"article:modified_time\" content=\"2026-02-04T12:24:49+00:00\" \/>\n<meta property=\"og:image\" content=\"https:\/\/hairstyle-news.hr\/festival\/wp-content\/uploads\/2026\/01\/HSN2026-shareFB.webp\" \/>\n\t<meta property=\"og:image:width\" content=\"800\" \/>\n\t<meta property=\"og:image:height\" content=\"478\" \/>\n\t<meta property=\"og:image:type\" content=\"image\/webp\" \/>\n<meta name=\"twitter:card\" content=\"summary_large_image\" \/>\n<meta name=\"twitter:label1\" content=\"Procijenjeno vrijeme \u010ditanja\" \/>\n\t<meta name=\"twitter:data1\" content=\"2 minute\" \/>\n<script type=\"application\/ld+json\" class=\"yoast-schema-graph\">{\"@context\":\"https:\/\/schema.org\",\"@graph\":[{\"@type\":\"WebPage\",\"@id\":\"https:\/\/hairstyle-news.hr\/festival\/ulaznice-hands-on-2026\/\",\"url\":\"https:\/\/hairstyle-news.hr\/festival\/ulaznice-hands-on-2026\/\",\"name\":\"Ulaznice 2026 - Hands On - Hairstyle News Festival\",\"isPartOf\":{\"@id\":\"https:\/\/hairstyle-news.hr\/festival\/#website\"},\"primaryImageOfPage\":{\"@id\":\"https:\/\/hairstyle-news.hr\/festival\/ulaznice-hands-on-2026\/#primaryimage\"},\"image\":{\"@id\":\"https:\/\/hairstyle-news.hr\/festival\/ulaznice-hands-on-2026\/#primaryimage\"},\"thumbnailUrl\":\"https:\/\/hairstyle-news.hr\/festival\/wp-content\/uploads\/2026\/01\/HSN2026-shareFB.webp\",\"datePublished\":\"2026-02-03T12:21:18+00:00\",\"dateModified\":\"2026-02-04T12:24:49+00:00\",\"breadcrumb\":{\"@id\":\"https:\/\/hairstyle-news.hr\/festival\/ulaznice-hands-on-2026\/#breadcrumb\"},\"inLanguage\":\"hr\",\"potentialAction\":[{\"@type\":\"ReadAction\",\"target\":[\"https:\/\/hairstyle-news.hr\/festival\/ulaznice-hands-on-2026\/\"]}]},{\"@type\":\"ImageObject\",\"inLanguage\":\"hr\",\"@id\":\"https:\/\/hairstyle-news.hr\/festival\/ulaznice-hands-on-2026\/#primaryimage\",\"url\":\"https:\/\/hairstyle-news.hr\/festival\/wp-content\/uploads\/2026\/01\/HSN2026-shareFB.webp\",\"contentUrl\":\"https:\/\/hairstyle-news.hr\/festival\/wp-content\/uploads\/2026\/01\/HSN2026-shareFB.webp\",\"width\":800,\"height\":478},{\"@type\":\"BreadcrumbList\",\"@id\":\"https:\/\/hairstyle-news.hr\/festival\/ulaznice-hands-on-2026\/#breadcrumb\",\"itemListElement\":[{\"@type\":\"ListItem\",\"position\":1,\"name\":\"Po\u010detna stranica\",\"item\":\"https:\/\/hairstyle-news.hr\/festival\/\"},{\"@type\":\"ListItem\",\"position\":2,\"name\":\"Ulaznice 2026 &#8211; Hands On\"}]},{\"@type\":\"WebSite\",\"@id\":\"https:\/\/hairstyle-news.hr\/festival\/#website\",\"url\":\"https:\/\/hairstyle-news.hr\/festival\/\",\"name\":\"Hairstyle News Festival\",\"description\":\"\",\"potentialAction\":[{\"@type\":\"SearchAction\",\"target\":{\"@type\":\"EntryPoint\",\"urlTemplate\":\"https:\/\/hairstyle-news.hr\/festival\/?s={search_term_string}\"},\"query-input\":{\"@type\":\"PropertyValueSpecification\",\"valueRequired\":true,\"valueName\":\"search_term_string\"}}],\"inLanguage\":\"hr\"}]}<\/script>\n<!-- \/ Yoast SEO plugin. -->","yoast_head_json":{"title":"Ulaznice 2026 - Hands On - Hairstyle News Festival","robots":{"index":"index","follow":"follow","max-snippet":"max-snippet:-1","max-image-preview":"max-image-preview:large","max-video-preview":"max-video-preview:-1"},"canonical":"https:\/\/hairstyle-news.hr\/festival\/ulaznice-hands-on-2026\/","og_locale":"hr_HR","og_type":"article","og_title":"Ulaznice 2026 - Hands On - Hairstyle News Festival","og_description":"Ulaznice za HANDS-ON RADIONICE Hotel Imperial Radionica 1 \u2013 Andrea Amighetti (subota): 14.3.2026. 11:00 &#8211; 16:00 Radionica 2 &#8211; Jean-Baptiste Mazella (nedjelja): 15.3.2026. 11:00 &#8211; 15:00 Cijena za jednu radionicu (subota ili nedjelja): 450,00 \u20ac Molimo vas da ispunite obrazac u nastavku kako biste naru\u010dili ulaznicu za ove radionice. Ponovite proces narud\u017ebe ako trebate ulaznice &hellip; Nastavi \u010ditati \"Ulaznice 2026 &#8211; Hands On\"","og_url":"https:\/\/hairstyle-news.hr\/festival\/ulaznice-hands-on-2026\/","og_site_name":"Hairstyle News Festival","article_modified_time":"2026-02-04T12:24:49+00:00","og_image":[{"width":800,"height":478,"url":"https:\/\/hairstyle-news.hr\/festival\/wp-content\/uploads\/2026\/01\/HSN2026-shareFB.webp","type":"image\/webp"}],"twitter_card":"summary_large_image","twitter_misc":{"Procijenjeno vrijeme \u010ditanja":"2 minute"},"schema":{"@context":"https:\/\/schema.org","@graph":[{"@type":"WebPage","@id":"https:\/\/hairstyle-news.hr\/festival\/ulaznice-hands-on-2026\/","url":"https:\/\/hairstyle-news.hr\/festival\/ulaznice-hands-on-2026\/","name":"Ulaznice 2026 - Hands On - Hairstyle News Festival","isPartOf":{"@id":"https:\/\/hairstyle-news.hr\/festival\/#website"},"primaryImageOfPage":{"@id":"https:\/\/hairstyle-news.hr\/festival\/ulaznice-hands-on-2026\/#primaryimage"},"image":{"@id":"https:\/\/hairstyle-news.hr\/festival\/ulaznice-hands-on-2026\/#primaryimage"},"thumbnailUrl":"https:\/\/hairstyle-news.hr\/festival\/wp-content\/uploads\/2026\/01\/HSN2026-shareFB.webp","datePublished":"2026-02-03T12:21:18+00:00","dateModified":"2026-02-04T12:24:49+00:00","breadcrumb":{"@id":"https:\/\/hairstyle-news.hr\/festival\/ulaznice-hands-on-2026\/#breadcrumb"},"inLanguage":"hr","potentialAction":[{"@type":"ReadAction","target":["https:\/\/hairstyle-news.hr\/festival\/ulaznice-hands-on-2026\/"]}]},{"@type":"ImageObject","inLanguage":"hr","@id":"https:\/\/hairstyle-news.hr\/festival\/ulaznice-hands-on-2026\/#primaryimage","url":"https:\/\/hairstyle-news.hr\/festival\/wp-content\/uploads\/2026\/01\/HSN2026-shareFB.webp","contentUrl":"https:\/\/hairstyle-news.hr\/festival\/wp-content\/uploads\/2026\/01\/HSN2026-shareFB.webp","width":800,"height":478},{"@type":"BreadcrumbList","@id":"https:\/\/hairstyle-news.hr\/festival\/ulaznice-hands-on-2026\/#breadcrumb","itemListElement":[{"@type":"ListItem","position":1,"name":"Po\u010detna stranica","item":"https:\/\/hairstyle-news.hr\/festival\/"},{"@type":"ListItem","position":2,"name":"Ulaznice 2026 &#8211; Hands On"}]},{"@type":"WebSite","@id":"https:\/\/hairstyle-news.hr\/festival\/#website","url":"https:\/\/hairstyle-news.hr\/festival\/","name":"Hairstyle News Festival","description":"","potentialAction":[{"@type":"SearchAction","target":{"@type":"EntryPoint","urlTemplate":"https:\/\/hairstyle-news.hr\/festival\/?s={search_term_string}"},"query-input":{"@type":"PropertyValueSpecification","valueRequired":true,"valueName":"search_term_string"}}],"inLanguage":"hr"}]}},"_links":{"self":[{"href":"https:\/\/hairstyle-news.hr\/festival\/wp-json\/wp\/v2\/pages\/32656","targetHints":{"allow":["GET"]}}],"collection":[{"href":"https:\/\/hairstyle-news.hr\/festival\/wp-json\/wp\/v2\/pages"}],"about":[{"href":"https:\/\/hairstyle-news.hr\/festival\/wp-json\/wp\/v2\/types\/page"}],"author":[{"embeddable":true,"href":"https:\/\/hairstyle-news.hr\/festival\/wp-json\/wp\/v2\/users\/1"}],"replies":[{"embeddable":true,"href":"https:\/\/hairstyle-news.hr\/festival\/wp-json\/wp\/v2\/comments?post=32656"}],"version-history":[{"count":6,"href":"https:\/\/hairstyle-news.hr\/festival\/wp-json\/wp\/v2\/pages\/32656\/revisions"}],"predecessor-version":[{"id":32686,"href":"https:\/\/hairstyle-news.hr\/festival\/wp-json\/wp\/v2\/pages\/32656\/revisions\/32686"}],"wp:featuredmedia":[{"embeddable":true,"href":"https:\/\/hairstyle-news.hr\/festival\/wp-json\/wp\/v2\/media\/32461"}],"wp:attachment":[{"href":"https:\/\/hairstyle-news.hr\/festival\/wp-json\/wp\/v2\/media?parent=32656"}],"curies":[{"name":"wp","href":"https:\/\/api.w.org\/{rel}","templated":true}]}}