{"id":30646,"date":"2023-02-08T13:54:15","date_gmt":"2023-02-08T11:54:15","guid":{"rendered":"https:\/\/hairstyle-news.hr\/festival\/?page_id=30646"},"modified":"2026-01-13T13:59:31","modified_gmt":"2026-01-13T11:59:31","slug":"izlagaci-najavni-katalog","status":"publish","type":"page","link":"https:\/\/hairstyle-news.hr\/festival\/izlagaci-najavni-katalog\/","title":{"rendered":"Informacije za najavni katalog"},"content":{"rendered":"<div id=\"kontakt-stranica-forma-wrapper\" class=\"izlagaci-forma\">\n<div id=\"kontakt-stranica-forma-inner\" class=\"teneighty-block\">\n<div id=\"naslovna-logo-wrapper\">\n<div id=\"naslovna-logo-inner\" class=\"teneighty-block\">\n<img decoding=\"async\" src=\"\/festival\/wp-content\/uploads\/2025\/09\/LogoHSN2026.png\" class=\"eds-on-scroll eds-scroll-visible animated zoomIn duration2\"><\/div>\n<\/div>\n<h2 class=\"big-title\">Popis brendova na sajmu<\/h2>\n<p><img decoding=\"async\" class=\"divider-white\" src=\"\/festival\/wp-content\/uploads\/2017\/12\/divider-1.png\"><\/p>\n<p id=\"izlagaci-kontakt-uvod\">Molimo vas da ispunite podatke za popis izlaga\u010da i brendova u Najavnom katalogu Festivala i na festivalskoj web stranici.<\/p>\n<p id=\"izlagaci-kontakt-uvod\">Za pomo\u0107 izlaga\u010dima koji su nastupali na pro\u0161lom festivalu, ispod obrasca naveli<br \/>\nsmo popis izlaga\u010da i brendova koje ste imali u 2025. godini.<\/p>\n<p id=\"izlagaci-kontakt-uvod\">Sva polja su obavezna.<\/p>\n<div id=\"izlagaci-podaci-wrapper\">\n<div id=\"izlagaci-podaci-inner\">\n\n<div class=\"wpcf7 no-js\" id=\"wpcf7-f30648-o1\" lang=\"hr\" dir=\"ltr\" data-wpcf7-id=\"30648\">\n<div class=\"screen-reader-response\"><p role=\"status\" aria-live=\"polite\" aria-atomic=\"true\"><\/p> <ul><\/ul><\/div>\n<form action=\"\/festival\/wp-json\/wp\/v2\/pages\/30646#wpcf7-f30648-o1\" method=\"post\" class=\"wpcf7-form init\" aria-label=\"Kontakt obrazac\" novalidate=\"novalidate\" data-status=\"init\">\n<fieldset class=\"hidden-fields-container\"><input type=\"hidden\" name=\"_wpcf7\" value=\"30648\" \/><input type=\"hidden\" name=\"_wpcf7_version\" value=\"6.1.5\" \/><input type=\"hidden\" name=\"_wpcf7_locale\" value=\"hr\" \/><input type=\"hidden\" name=\"_wpcf7_unit_tag\" value=\"wpcf7-f30648-o1\" \/><input type=\"hidden\" name=\"_wpcf7_container_post\" value=\"0\" \/><input type=\"hidden\" name=\"_wpcf7_posted_data_hash\" value=\"\" \/>\n<\/fieldset>\n<div id=\"izlagaci-podaci-osnovno\">\n\t<p class=\"izlagaci-podaci-label\">Naziv izlaga\u010da i grad\n\t<\/p>\n\t<p class=\"izlagaci-podaci-field-full\"><span class=\"wpcf7-form-control-wrap\" data-name=\"your-name\"><input size=\"40\" maxlength=\"400\" class=\"wpcf7-form-control wpcf7-text wpcf7-validates-as-required\" aria-required=\"true\" aria-invalid=\"false\" value=\"\" type=\"text\" name=\"your-name\" \/><\/span>\n\t<\/p>\n\t<p class=\"izlagaci-podaci-label\">E-mail adresa\n\t<\/p>\n\t<p class=\"izlagaci-podaci-field-full\"><span class=\"wpcf7-form-control-wrap\" data-name=\"your-mail\"><input size=\"40\" maxlength=\"400\" class=\"wpcf7-form-control wpcf7-email wpcf7-validates-as-required wpcf7-text wpcf7-validates-as-email\" aria-required=\"true\" aria-invalid=\"false\" value=\"\" type=\"email\" name=\"your-mail\" \/><\/span>\n\t<\/p>\n\t<div class=\"clear\">\n\t<\/div>\n<\/div>\n<div id=\"izlagaci-podaci-opis\">\n\t<div class=\"izlagaci-podaci-label\">\n\t\t<p><b>Popis brendova koje \u0107ete predstaviti na sajmu:<\/b>\n\t\t<\/p>\n\t\t<p>(Za izlaga\u010de s posljednjeg festivala, mo\u017eete iskopirati svoj popis brendova ispod obrasca i ako je potrebno mo\u017eete popis izmijeniti u ovoj rubrici.)\n\t\t<\/p>\n\t<\/div>\n\t<div class=\"izlagaci-podaci-field-full\">\n\t\t<p><span class=\"wpcf7-form-control-wrap\" data-name=\"your-message\"><textarea cols=\"40\" rows=\"10\" maxlength=\"2000\" class=\"wpcf7-form-control wpcf7-textarea wpcf7-validates-as-required\" aria-required=\"true\" aria-invalid=\"false\" name=\"your-message\"><\/textarea><\/span>\n\t\t<\/p>\n\t<\/div>\n\t<div class=\"clear\">\n\t<\/div>\n<\/div>\n\n<!--<div id=\"izlagaci-podaci-nagradna\">\n<div class=\"izlagaci-podaci-label\">\n<p><b>Sponzoriranje Nagradne igre za sudionike edukacija<\/b> <br><br>(Ove godine \u0107emo organizirati nagradnu igru u kojoj \u0107e mo\u0107i sudjelovati svi polaznici festivalskih edukacija. Ukoliko ste zainteresirani, molimo Vas da ozna\u010dite u kojim programima bi ste \u017eeljeli dati neki poklon kao nagradu.)<\/p>\n<\/div>\n<div class=\"izlagaci-podaci-field-full\"><span class=\"wpcf7-form-control-wrap\" data-name=\"checkbox-13\"><span class=\"wpcf7-form-control wpcf7-checkbox\"><span class=\"wpcf7-list-item first\"><input type=\"checkbox\" name=\"checkbox-13[]\" value=\"Salon Business Conference, Cut &amp;Style i Colorama\" \/><span class=\"wpcf7-list-item-label\">Salon Business Conference, Cut &amp;Style i Colorama<\/span><\/span><span class=\"wpcf7-list-item\"><input type=\"checkbox\" name=\"checkbox-13[]\" value=\"Barbershop Arena\" \/><span class=\"wpcf7-list-item-label\">Barbershop Arena<\/span><\/span><span class=\"wpcf7-list-item last\"><input type=\"checkbox\" name=\"checkbox-13[]\" value=\"Nismo zainteresirani za sponzorstvo\" \/><span class=\"wpcf7-list-item-label\">Nismo zainteresirani za sponzorstvo<\/span><\/span><\/span><\/span><\/div>\n<div class=\"clear\"><\/div>\n<\/div>-->\n<div id=\"gdrp-checkbox-kontakt\">\n\t<p><span class=\"wpcf7-form-control-wrap\" data-name=\"acceptance-935\"><span class=\"wpcf7-form-control wpcf7-acceptance\"><span class=\"wpcf7-list-item\"><label><input type=\"checkbox\" name=\"acceptance-935\" value=\"1\" aria-invalid=\"false\" \/><span class=\"wpcf7-list-item-label\">Izjavljujem da su gornji podaci to\u010dni i prihva\u0107am <a href=\"\/festival\/uvjeti-koristenja\/\" target=\"_blank\">Uvjete kori\u0161tenja<\/a> i <a href=\"\/festival\/zastita-osobnih-podataka\/\" target=\"_blank\">Pravila za\u0161tite privatnosti<\/a>  web stranice Harstyle-News.hr<\/span><\/label><\/span><\/span><\/span>\n\t<\/p>\n<\/div>\n<p id=\"izlagaci-podaci-posalji\"><input class=\"wpcf7-form-control wpcf7-submit has-spinner\" type=\"submit\" value=\"Po\u0161alji\" \/>\n<\/p><input type='hidden' class='wpcf7-pum' value='{\"closepopup\":false,\"closedelay\":0,\"openpopup\":false,\"openpopup_id\":0}' \/><div class=\"wpcf7-response-output\" aria-hidden=\"true\"><\/div>\n<\/form>\n<\/div>\n<\/div>\n<\/div>\n<div id=\"popis-izlagaca-wrapper\">\n<div id=\"popis-izlagaca-inner\">\n<h2>Popis izlaga\u010da i brendova na Hairstyle Newsu 2025:<\/h2>\n<p><strong>L&#8217;OR\u00c9AL ADRIA d.o.o. Zagreb<\/strong> (L\u2019Or\u00e9al Professionnel Paris, Redken, Matrix, Biolage) \u2022 <strong>I BEAUTY d.o.o. Buzet<\/strong> (Kemon, Actyva, Dark Stag, Monster, Beauty Star, Ri-Mind, \u0160kola geometrijskog \u0161i\u0161anja Prisma, Akademija\u00a0Trimu\u017eijat) \u2022 <strong>ORBICO d.o.o. Zagreb<\/strong> (Wella Professionals, Londa Professional, System Professional, Davines, Fromm) \u2022 <strong>NOBELCOS d.o.o. Split<\/strong> (Matrix, Biolage, Redken, Balmain Hair Couture, EAUde1974, Apothecary 87, GA.MA Professional, AGV Group, Wahl, Moser) \u2022 <strong>TOP STIL LMS d.o.o. Zagreb<\/strong> (Kasho, Sinelco, Kepro, Efalock, Xanitalia, Gamma Piu, Olivia Garden, Subtil, Label m, Tocco Magico, Oway, Maletti) \u2022 <strong>FRIZERLAND Kri\u017eevci<\/strong> (Elfa Pharm, Black Professional, Proraso, Dr. Sant\u00e9, Gamma Pi\u00f9, Wahl, Moser, Young, Olivia Garden, Termix, Fonex, Comair, Zen tekstilna galanterija, Framar, RedOne, Redist, Jaguar, FarmaVita, 3DeluXe) \u2022 <strong>KOZMETIKA FENIKS d.o.o. Zagreb<\/strong> (Ayala, Termix, Codos, Berrywell, BBcos Hair Pro, Ceriotti, Wahl, Immortal, Andis, Gummy, Xanitalia, Jaguar, Moser, Silcare, Gamma+, Feniks Beauty, Orising, Red One) \u2022 <strong>GREAT LENGTHS Brtonigla<\/strong> (Great Lengths, Ibiza Hair Tools, Reginc\u00f3s, Hairdo by HairUWear, Aloxxi) \u2022 <strong>TWINS TRADE d.o.o. Zagreb<\/strong> (Cocochoco Professional, Joico, Corioliss, Olivia Garden, Framar) \u2022 <strong>idea d.o.o. Rijeka<\/strong> (milk_shake) \u2022 <strong>PROMINENT HAIR Zagreb<\/strong> (Nirvel Professional, Eugene Perma Paris, K-Time, 6.ZERO, Levissime, Ceriotti) \u2022 <strong>ART-PE d.o.o. Trebnje, SI<\/strong> (Ayala, Logyks\u2122, Stella, Hure, Mia, Luna) \u2022 <strong>WE ARE BEAUTY d.o.o. Zagreb<\/strong> (Dense, K18, Leyton House Professional, O&#038;M) \u2022 <strong>DIS-PROM d.o.o. Velika Gorica<\/strong> (Nook Italy, Helen Seward, Muster&#038;Dikson) \u2022 <strong>HAIR HOUSE PROFESSIONAL d.o.o. Zagreb<\/strong> (Subrina Professional, Moroccanoil, Alter Ego Italy, Termix, Ceriotti, JRL, Joewell) \u2022 <strong>HAIRLINE d.o.o. Zagreb<\/strong> (EchosLine, Morfose, Nishman) \u2022 <strong>COSMO HAIR d.o.o. Split<\/strong> (Lakm\u00e9, Depot &#8211; The Male Tools &#038; Co.) \u2022 <strong>DM OPREMA d.o.o. Rijeka<\/strong>  (Acca Kappa, Y.S. Park) \u2022 <strong>BEAUTY ART Split<\/strong> (She Extensions, Giadie Luxury Hair Extensions) \u2022 <strong>LUX NATUR d.o.o. Zagreb<\/strong> (Alpeda, Xanitalia, Lux Art) \u2022 <strong>ADRIATIC BEAUTY d.o.o. Zagreb<\/strong> (Goldwell, Addmino-18) \u2022 <strong>ZA VAS d.o.o. Pula<\/strong> (Lakm\u00e9, Bes, Leader) \u2022 <strong>FRABOSSA HAIR Darda<\/strong> (Kaaral, Giambertone\u00a0ekstenzije) \u2022 <strong>KANSO ACADEMIA Zagreb<\/strong> (Mizutani \u0161kare, Limage lutke) \u2022 <strong>MARE DRESURA FRIZURE Ljubljana, SI<\/strong> (Procare, Primp, Kamisori, Ecoheads) \u2022 <strong>MERLINKA d.o.o. Karlovac<\/strong> (Merlin X2 &#8211; Program i fiskalna blagajna za frizerske salone) \u2022 <strong>ADANTA d.o.o. Ljubljana, SI<\/strong> (Lime Booking) \u2022 <strong>PRAVI RAJ d.o.o. Vrhnika, SI<\/strong> (Revija Frizer) \u2022 <strong>KVARNER KONGRESI Zagreb<\/strong> (Fantasti\u010dan frizer i Fantasti\u010dan \u0161ef) \u2022 <strong>EDWARD PROFESSIONAL Nitra, SK<\/strong>  (Gifaz, Premax) \u2022 <strong>POTKOVA Zagreb<\/strong> (Planator) \u2022 <strong>FUNESTRA d.o.o. Zagreb<\/strong> (Zoyya)&#8230;<\/div>\n<\/div>\n<\/div>\n<p><!--end of popis-izlagaca-wrapper --><\/p>\n<\/div>\n<\/div>\n<p><!-- end of kontakt-stranica-forma-wrapper --><\/p>\n","protected":false},"excerpt":{"rendered":"<p>Popis brendova na sajmu Molimo vas da ispunite podatke za popis izlaga\u010da i brendova u Najavnom katalogu Festivala i na festivalskoj web stranici. Za pomo\u0107 izlaga\u010dima koji su nastupali na pro\u0161lom festivalu, ispod obrasca naveli smo popis izlaga\u010da i brendova koje ste imali u 2025. godini. Sva polja su obavezna. Popis izlaga\u010da i brendova na &hellip; <\/p>\n<p class=\"link-more\"><a href=\"https:\/\/hairstyle-news.hr\/festival\/izlagaci-najavni-katalog\/\" class=\"more-link\">Nastavi \u010ditati<span class=\"screen-reader-text\"> &#8220;Informacije za najavni katalog&#8221;<\/span><\/a><\/p>\n","protected":false},"author":1,"featured_media":32461,"parent":0,"menu_order":0,"comment_status":"closed","ping_status":"closed","template":"","meta":{"ngg_post_thumbnail":0,"footnotes":""},"class_list":["post-30646","page","type-page","status-publish","has-post-thumbnail","hentry"],"yoast_head":"<!-- This site is optimized with the Yoast SEO plugin v27.0 - https:\/\/yoast.com\/product\/yoast-seo-wordpress\/ -->\n<title>Informacije za najavni katalog - Hairstyle News Festival<\/title>\n<meta name=\"robots\" content=\"index, follow, max-snippet:-1, max-image-preview:large, max-video-preview:-1\" \/>\n<link rel=\"canonical\" href=\"https:\/\/hairstyle-news.hr\/festival\/izlagaci-najavni-katalog\/\" \/>\n<meta property=\"og:locale\" content=\"hr_HR\" \/>\n<meta property=\"og:type\" content=\"article\" \/>\n<meta property=\"og:title\" content=\"Informacije za najavni katalog - Hairstyle News Festival\" \/>\n<meta property=\"og:description\" content=\"Popis brendova na sajmu Molimo vas da ispunite podatke za popis izlaga\u010da i brendova u Najavnom katalogu Festivala i na festivalskoj web stranici. Za pomo\u0107 izlaga\u010dima koji su nastupali na pro\u0161lom festivalu, ispod obrasca naveli smo popis izlaga\u010da i brendova koje ste imali u 2025. godini. Sva polja su obavezna. Popis izlaga\u010da i brendova na &hellip; Nastavi \u010ditati &quot;Informacije za najavni katalog&quot;\" \/>\n<meta property=\"og:url\" content=\"https:\/\/hairstyle-news.hr\/festival\/izlagaci-najavni-katalog\/\" \/>\n<meta property=\"og:site_name\" content=\"Hairstyle News Festival\" \/>\n<meta property=\"article:modified_time\" content=\"2026-01-13T11:59:31+00:00\" \/>\n<meta property=\"og:image\" content=\"https:\/\/hairstyle-news.hr\/festival\/wp-content\/uploads\/2026\/01\/HSN2026-shareFB.webp\" \/>\n\t<meta property=\"og:image:width\" content=\"800\" \/>\n\t<meta property=\"og:image:height\" content=\"478\" \/>\n\t<meta property=\"og:image:type\" content=\"image\/webp\" \/>\n<meta name=\"twitter:card\" content=\"summary_large_image\" \/>\n<meta name=\"twitter:label1\" content=\"Procijenjeno vrijeme \u010ditanja\" \/>\n\t<meta name=\"twitter:data1\" content=\"3 minute\" \/>\n<script type=\"application\/ld+json\" class=\"yoast-schema-graph\">{\"@context\":\"https:\/\/schema.org\",\"@graph\":[{\"@type\":\"WebPage\",\"@id\":\"https:\/\/hairstyle-news.hr\/festival\/izlagaci-najavni-katalog\/\",\"url\":\"https:\/\/hairstyle-news.hr\/festival\/izlagaci-najavni-katalog\/\",\"name\":\"Informacije za najavni katalog - Hairstyle News Festival\",\"isPartOf\":{\"@id\":\"https:\/\/hairstyle-news.hr\/festival\/#website\"},\"primaryImageOfPage\":{\"@id\":\"https:\/\/hairstyle-news.hr\/festival\/izlagaci-najavni-katalog\/#primaryimage\"},\"image\":{\"@id\":\"https:\/\/hairstyle-news.hr\/festival\/izlagaci-najavni-katalog\/#primaryimage\"},\"thumbnailUrl\":\"https:\/\/hairstyle-news.hr\/festival\/wp-content\/uploads\/2026\/01\/HSN2026-shareFB.webp\",\"datePublished\":\"2023-02-08T11:54:15+00:00\",\"dateModified\":\"2026-01-13T11:59:31+00:00\",\"breadcrumb\":{\"@id\":\"https:\/\/hairstyle-news.hr\/festival\/izlagaci-najavni-katalog\/#breadcrumb\"},\"inLanguage\":\"hr\",\"potentialAction\":[{\"@type\":\"ReadAction\",\"target\":[\"https:\/\/hairstyle-news.hr\/festival\/izlagaci-najavni-katalog\/\"]}]},{\"@type\":\"ImageObject\",\"inLanguage\":\"hr\",\"@id\":\"https:\/\/hairstyle-news.hr\/festival\/izlagaci-najavni-katalog\/#primaryimage\",\"url\":\"https:\/\/hairstyle-news.hr\/festival\/wp-content\/uploads\/2026\/01\/HSN2026-shareFB.webp\",\"contentUrl\":\"https:\/\/hairstyle-news.hr\/festival\/wp-content\/uploads\/2026\/01\/HSN2026-shareFB.webp\",\"width\":800,\"height\":478},{\"@type\":\"BreadcrumbList\",\"@id\":\"https:\/\/hairstyle-news.hr\/festival\/izlagaci-najavni-katalog\/#breadcrumb\",\"itemListElement\":[{\"@type\":\"ListItem\",\"position\":1,\"name\":\"Po\u010detna stranica\",\"item\":\"https:\/\/hairstyle-news.hr\/festival\/\"},{\"@type\":\"ListItem\",\"position\":2,\"name\":\"Informacije za najavni katalog\"}]},{\"@type\":\"WebSite\",\"@id\":\"https:\/\/hairstyle-news.hr\/festival\/#website\",\"url\":\"https:\/\/hairstyle-news.hr\/festival\/\",\"name\":\"Hairstyle News Festival\",\"description\":\"\",\"potentialAction\":[{\"@type\":\"SearchAction\",\"target\":{\"@type\":\"EntryPoint\",\"urlTemplate\":\"https:\/\/hairstyle-news.hr\/festival\/?s={search_term_string}\"},\"query-input\":{\"@type\":\"PropertyValueSpecification\",\"valueRequired\":true,\"valueName\":\"search_term_string\"}}],\"inLanguage\":\"hr\"}]}<\/script>\n<!-- \/ Yoast SEO plugin. -->","yoast_head_json":{"title":"Informacije za najavni katalog - Hairstyle News Festival","robots":{"index":"index","follow":"follow","max-snippet":"max-snippet:-1","max-image-preview":"max-image-preview:large","max-video-preview":"max-video-preview:-1"},"canonical":"https:\/\/hairstyle-news.hr\/festival\/izlagaci-najavni-katalog\/","og_locale":"hr_HR","og_type":"article","og_title":"Informacije za najavni katalog - Hairstyle News Festival","og_description":"Popis brendova na sajmu Molimo vas da ispunite podatke za popis izlaga\u010da i brendova u Najavnom katalogu Festivala i na festivalskoj web stranici. Za pomo\u0107 izlaga\u010dima koji su nastupali na pro\u0161lom festivalu, ispod obrasca naveli smo popis izlaga\u010da i brendova koje ste imali u 2025. godini. Sva polja su obavezna. Popis izlaga\u010da i brendova na &hellip; Nastavi \u010ditati \"Informacije za najavni katalog\"","og_url":"https:\/\/hairstyle-news.hr\/festival\/izlagaci-najavni-katalog\/","og_site_name":"Hairstyle News Festival","article_modified_time":"2026-01-13T11:59:31+00:00","og_image":[{"width":800,"height":478,"url":"https:\/\/hairstyle-news.hr\/festival\/wp-content\/uploads\/2026\/01\/HSN2026-shareFB.webp","type":"image\/webp"}],"twitter_card":"summary_large_image","twitter_misc":{"Procijenjeno vrijeme \u010ditanja":"3 minute"},"schema":{"@context":"https:\/\/schema.org","@graph":[{"@type":"WebPage","@id":"https:\/\/hairstyle-news.hr\/festival\/izlagaci-najavni-katalog\/","url":"https:\/\/hairstyle-news.hr\/festival\/izlagaci-najavni-katalog\/","name":"Informacije za najavni katalog - Hairstyle News Festival","isPartOf":{"@id":"https:\/\/hairstyle-news.hr\/festival\/#website"},"primaryImageOfPage":{"@id":"https:\/\/hairstyle-news.hr\/festival\/izlagaci-najavni-katalog\/#primaryimage"},"image":{"@id":"https:\/\/hairstyle-news.hr\/festival\/izlagaci-najavni-katalog\/#primaryimage"},"thumbnailUrl":"https:\/\/hairstyle-news.hr\/festival\/wp-content\/uploads\/2026\/01\/HSN2026-shareFB.webp","datePublished":"2023-02-08T11:54:15+00:00","dateModified":"2026-01-13T11:59:31+00:00","breadcrumb":{"@id":"https:\/\/hairstyle-news.hr\/festival\/izlagaci-najavni-katalog\/#breadcrumb"},"inLanguage":"hr","potentialAction":[{"@type":"ReadAction","target":["https:\/\/hairstyle-news.hr\/festival\/izlagaci-najavni-katalog\/"]}]},{"@type":"ImageObject","inLanguage":"hr","@id":"https:\/\/hairstyle-news.hr\/festival\/izlagaci-najavni-katalog\/#primaryimage","url":"https:\/\/hairstyle-news.hr\/festival\/wp-content\/uploads\/2026\/01\/HSN2026-shareFB.webp","contentUrl":"https:\/\/hairstyle-news.hr\/festival\/wp-content\/uploads\/2026\/01\/HSN2026-shareFB.webp","width":800,"height":478},{"@type":"BreadcrumbList","@id":"https:\/\/hairstyle-news.hr\/festival\/izlagaci-najavni-katalog\/#breadcrumb","itemListElement":[{"@type":"ListItem","position":1,"name":"Po\u010detna stranica","item":"https:\/\/hairstyle-news.hr\/festival\/"},{"@type":"ListItem","position":2,"name":"Informacije za najavni katalog"}]},{"@type":"WebSite","@id":"https:\/\/hairstyle-news.hr\/festival\/#website","url":"https:\/\/hairstyle-news.hr\/festival\/","name":"Hairstyle News Festival","description":"","potentialAction":[{"@type":"SearchAction","target":{"@type":"EntryPoint","urlTemplate":"https:\/\/hairstyle-news.hr\/festival\/?s={search_term_string}"},"query-input":{"@type":"PropertyValueSpecification","valueRequired":true,"valueName":"search_term_string"}}],"inLanguage":"hr"}]}},"_links":{"self":[{"href":"https:\/\/hairstyle-news.hr\/festival\/wp-json\/wp\/v2\/pages\/30646","targetHints":{"allow":["GET"]}}],"collection":[{"href":"https:\/\/hairstyle-news.hr\/festival\/wp-json\/wp\/v2\/pages"}],"about":[{"href":"https:\/\/hairstyle-news.hr\/festival\/wp-json\/wp\/v2\/types\/page"}],"author":[{"embeddable":true,"href":"https:\/\/hairstyle-news.hr\/festival\/wp-json\/wp\/v2\/users\/1"}],"replies":[{"embeddable":true,"href":"https:\/\/hairstyle-news.hr\/festival\/wp-json\/wp\/v2\/comments?post=30646"}],"version-history":[{"count":19,"href":"https:\/\/hairstyle-news.hr\/festival\/wp-json\/wp\/v2\/pages\/30646\/revisions"}],"predecessor-version":[{"id":32469,"href":"https:\/\/hairstyle-news.hr\/festival\/wp-json\/wp\/v2\/pages\/30646\/revisions\/32469"}],"wp:featuredmedia":[{"embeddable":true,"href":"https:\/\/hairstyle-news.hr\/festival\/wp-json\/wp\/v2\/media\/32461"}],"wp:attachment":[{"href":"https:\/\/hairstyle-news.hr\/festival\/wp-json\/wp\/v2\/media?parent=30646"}],"curies":[{"name":"wp","href":"https:\/\/api.w.org\/{rel}","templated":true}]}}