{"id":27513,"date":"2018-06-14T11:46:40","date_gmt":"2018-06-14T11:46:40","guid":{"rendered":"http:\/\/hairstyle-news.hr\/festival\/?page_id=27513"},"modified":"2018-06-14T11:46:40","modified_gmt":"2018-06-14T11:46:40","slug":"uvjeti-koristenja","status":"publish","type":"page","link":"https:\/\/hairstyle-news.hr\/festival\/uvjeti-koristenja\/","title":{"rendered":"Uvjeti kori\u0161tenja"},"content":{"rendered":"<div id=\"gdrp-wrapper\">\n<div id=\"gdrp-inner\" class=\"teneighty-block\">\n<h1>Uvjeti kori\u0161tenja<\/h1>\n<p>Kori\u0161tenje usluga i sadr\u017eaja na internetskim stranicama hairstyle-news.hr podlo\u017eno je ni\u017ee navedenim Uvjetima kori\u0161tenja. Uvjeti kori\u0161tenja primjenjuju se na sve sadr\u017eaje i usluge internetskih stranica hairstyle-news.hr. Kori\u0161tenjem bilo kojeg dijela internetskih stranica hairstyle-news.hr smatra se da su korisnici upoznati s ovim uvjetima.<\/p>\n<h2>AUTORSKA PRAVA<\/h2>\n<p>Web stranica hairstyle-news.hr pola\u017ee autorska prava na sve vlastite sadr\u017eaje (tekstualne, vizualne i audio materijale, baze podataka i programerski kod). Neovla\u0161teno kori\u0161tenje bilo kojeg dijela web stranice, bez dozvole vlasnika autorskih prava, smatra se kr\u0161enjem autorskih prava stranice hairstyle-news.hr i podlo\u017eno je tu\u017ebi.<\/p>\n<h2>PRAVO NA IZMJENE SADR\u017dAJA I USLUGA<\/h2>\n<p>Web stranica hairstyle-news.hr zadr\u017eava pravo promjene, ukidanja (privremenog i trajnog) bilo kojeg sadr\u017eaja ili usluge na svojim web stranicama bez obaveze prethodne najave. <\/p>\n<h2>UVJETI PRENO\u0160ENJA \u010cLANAKA<\/h2>\n<p>Svi \u010dlanci i fotografije na web stranici hairstyle-news.hr vlasni\u0161tvo su Kvarner Kongresi, Rijeka. Preno\u0161enje informacija iz \u010dlanaka objavljenih na web stranici dozvoljeno je samo uz uvjet da se ne prenose dijelovi originalnog teksta du\u017ei od 600 znakova, pri \u010demu je navo\u0111enje izvora obavezno, a ako je rije\u010d o web stranici onda je obavezno i staviti link na originalni tekst ukoliko s uredni\u0161tvom web stranice hairstyle-news.hr nije postignut dogovor o druga\u010dijim uvjetima. <\/p>\n<p>Ukoliko se bilo koji dio teksta ili informacija iz teksta objavljenog na web stranici hairstyle-news.hr prenese suprotno ovim pravilima protiv prekr\u0161itelja \u0107e biti pokrenut pravni postupak. <\/p>\n<p>Ova odredba ne odnosi se na portale i web stranice s kojima Hairstyle-News.hr ima izravni dogovor o druga\u010dijim uvjetima.<\/p>\n<h2>LINKOVI NA DRUGE WEB STRANICE<\/h2>\n<p>Web stranica hairstyle-news.hr sastoji se od vlastitih sadr\u017eaja, sadr\u017eaja partnera i ogla\u0161iva\u010da, besplatnih sadr\u017eaja, sadr\u017eaja kreiranih od strane posjetitelja, te linkova na vanjske stranice. Sve sadr\u017eaje web stranice hairstyle-news.hr koristite na vlastitu odgovornost i hairstyle-news.hr ne mo\u017ee se smatrati odgovornim za bilo kakvu \u0161tetu nastalu kori\u0161tenjem.<\/p>\n<p>Poslovni odnos izme\u0111u posjetitelja i ogla\u0161iva\u010da na i van web stranice hairstyle-news.hr isklju\u010divo je stvar poslovnog dogovora posjetitelja i ogla\u0161iva\u010da. Web stranica Hairstyle-news.hr ne snosi odgovornost ni za kakvu \u0161tetu nastalu ogla\u0161avanjem na svom portalu.<\/p>\n<h2>ZA\u0160TITA PRIVATNOSTI<\/h2>\n<p>Po\u0161tujemo va\u0161u privatnost i obra\u0111ujemo osobne podatke po\u0161teno i zakonito, isklju\u010divo na temelju valjanih pravnih osnova, odnosno sukladno va\u0161im suglasnostima za obradu. Ovim pravilima se obvezujemo da \u0107emo za\u0161tititi privatnost korisnika, kupaca i posjetitelja na\u0161e web stranice te se obavezujemo pru\u017eati za\u0161titu njihovim osobnim podacima koje nam pru\u017eaju putem web stranice.<\/p>\n<p>Ova pravila opisuju vrste podatke koje mo\u017eemo prikupiti od vas kada posjetite na\u0161u web stranicu ili se registrirate za neku od na\u0161ih usluga te obja\u0161njavaju kako upotrebljavamo te podatke i korake koje poduzimamo da bismo ih za\u0161titili. Pravila tako\u0111er opisuju izbore koje imate u vezi s prikupljanjem i kori\u0161tenjem va\u0161ih podataka prilikom posjete na\u0161oj web stranici.<\/p>\n<p><a href=\"\/zastita-osobnih-podataka\/\">Vi\u0161e informacija o za\u0161titi privatnosti<\/a><\/p>\n<h2>O KOLA\u010cI\u010cIMA (COOKIES)<\/h2>\n<p>Kola\u010di\u0107i (cookies) su sitne datoteke koje web stranica kojom surfate sprema na va\u0161e ra\u010dunalo, a koriste se osim da bi web stranica ispravno funkcionirala (osnovni kola\u010di\u0107i) i za analitiku posje\u0107enosti te marketin\u0161ke aktivnosti (ostali kola\u010di\u0107i).<\/p>\n<p>U izborniku s lijeve strane (ra\u010dunala), odnosno odabirom ikona iznad teksta (pametni telefoni) mo\u017eete odabrati koje kola\u010di\u0107e prihva\u0107ate, a koje odbijate.<\/p>\n<p><a href=\"\/cookies\/\">Vi\u0161e informacija o kola\u010di\u0107ima na Hairstyle News portalu<\/a><\/p>\n<h2>IZMJENE UVJETA KORI\u0160TENJA<\/h2>\n<p>Periodi\u010dno mo\u017eemo a\u017eurirati na\u0161e Uvjete kori\u0161tenja. A\u017euriranja na\u0161ih Uvjeta kori\u0161tenja bit \u0107e objavljeno na na\u0161oj web stranici. Sve dopune stupaju na snagu u trenutku njihove objave na na\u0161oj web stranici. Stoga, savjetujemo Vam da redovito posje\u0107ujte stranicu kako biste bili obavije\u0161teni o mogu\u0107im a\u017euriranjima. <\/p>\n<p>Zadnje a\u017eurirano: 21.5.2018.<\/p>\n<\/div>\n<\/div>\n<p><\/br><br \/>\n<\/br><\/p>\n","protected":false},"excerpt":{"rendered":"<p>Uvjeti kori\u0161tenja Kori\u0161tenje usluga i sadr\u017eaja na internetskim stranicama hairstyle-news.hr podlo\u017eno je ni\u017ee navedenim Uvjetima kori\u0161tenja. Uvjeti kori\u0161tenja primjenjuju se na sve sadr\u017eaje i usluge internetskih stranica hairstyle-news.hr. Kori\u0161tenjem bilo kojeg dijela internetskih stranica hairstyle-news.hr smatra se da su korisnici upoznati s ovim uvjetima. AUTORSKA PRAVA Web stranica hairstyle-news.hr pola\u017ee autorska prava na sve vlastite &hellip; <\/p>\n<p class=\"link-more\"><a href=\"https:\/\/hairstyle-news.hr\/festival\/uvjeti-koristenja\/\" class=\"more-link\">Nastavi \u010ditati<span class=\"screen-reader-text\"> &#8220;Uvjeti kori\u0161tenja&#8221;<\/span><\/a><\/p>\n","protected":false},"author":1,"featured_media":0,"parent":0,"menu_order":0,"comment_status":"closed","ping_status":"closed","template":"","meta":{"ngg_post_thumbnail":0,"footnotes":""},"class_list":["post-27513","page","type-page","status-publish","hentry"],"yoast_head":"<!-- This site is optimized with the Yoast SEO plugin v27.0 - https:\/\/yoast.com\/product\/yoast-seo-wordpress\/ -->\n<title>Uvjeti kori\u0161tenja - Hairstyle News Festival<\/title>\n<meta name=\"robots\" content=\"index, follow, max-snippet:-1, max-image-preview:large, max-video-preview:-1\" \/>\n<link rel=\"canonical\" href=\"https:\/\/hairstyle-news.hr\/festival\/uvjeti-koristenja\/\" \/>\n<meta property=\"og:locale\" content=\"hr_HR\" \/>\n<meta property=\"og:type\" content=\"article\" \/>\n<meta property=\"og:title\" content=\"Uvjeti kori\u0161tenja - Hairstyle News Festival\" \/>\n<meta property=\"og:description\" content=\"Uvjeti kori\u0161tenja Kori\u0161tenje usluga i sadr\u017eaja na internetskim stranicama hairstyle-news.hr podlo\u017eno je ni\u017ee navedenim Uvjetima kori\u0161tenja. Uvjeti kori\u0161tenja primjenjuju se na sve sadr\u017eaje i usluge internetskih stranica hairstyle-news.hr. Kori\u0161tenjem bilo kojeg dijela internetskih stranica hairstyle-news.hr smatra se da su korisnici upoznati s ovim uvjetima. AUTORSKA PRAVA Web stranica hairstyle-news.hr pola\u017ee autorska prava na sve vlastite &hellip; Nastavi \u010ditati &quot;Uvjeti kori\u0161tenja&quot;\" \/>\n<meta property=\"og:url\" content=\"https:\/\/hairstyle-news.hr\/festival\/uvjeti-koristenja\/\" \/>\n<meta property=\"og:site_name\" content=\"Hairstyle News Festival\" \/>\n<meta name=\"twitter:card\" content=\"summary_large_image\" \/>\n<meta name=\"twitter:label1\" content=\"Procijenjeno vrijeme \u010ditanja\" \/>\n\t<meta name=\"twitter:data1\" content=\"3 minute\" \/>\n<script type=\"application\/ld+json\" class=\"yoast-schema-graph\">{\"@context\":\"https:\/\/schema.org\",\"@graph\":[{\"@type\":\"WebPage\",\"@id\":\"https:\/\/hairstyle-news.hr\/festival\/uvjeti-koristenja\/\",\"url\":\"https:\/\/hairstyle-news.hr\/festival\/uvjeti-koristenja\/\",\"name\":\"Uvjeti kori\u0161tenja - Hairstyle News Festival\",\"isPartOf\":{\"@id\":\"https:\/\/hairstyle-news.hr\/festival\/#website\"},\"datePublished\":\"2018-06-14T11:46:40+00:00\",\"breadcrumb\":{\"@id\":\"https:\/\/hairstyle-news.hr\/festival\/uvjeti-koristenja\/#breadcrumb\"},\"inLanguage\":\"hr\",\"potentialAction\":[{\"@type\":\"ReadAction\",\"target\":[\"https:\/\/hairstyle-news.hr\/festival\/uvjeti-koristenja\/\"]}]},{\"@type\":\"BreadcrumbList\",\"@id\":\"https:\/\/hairstyle-news.hr\/festival\/uvjeti-koristenja\/#breadcrumb\",\"itemListElement\":[{\"@type\":\"ListItem\",\"position\":1,\"name\":\"Po\u010detna stranica\",\"item\":\"https:\/\/hairstyle-news.hr\/festival\/\"},{\"@type\":\"ListItem\",\"position\":2,\"name\":\"Uvjeti kori\u0161tenja\"}]},{\"@type\":\"WebSite\",\"@id\":\"https:\/\/hairstyle-news.hr\/festival\/#website\",\"url\":\"https:\/\/hairstyle-news.hr\/festival\/\",\"name\":\"Hairstyle News Festival\",\"description\":\"\",\"potentialAction\":[{\"@type\":\"SearchAction\",\"target\":{\"@type\":\"EntryPoint\",\"urlTemplate\":\"https:\/\/hairstyle-news.hr\/festival\/?s={search_term_string}\"},\"query-input\":{\"@type\":\"PropertyValueSpecification\",\"valueRequired\":true,\"valueName\":\"search_term_string\"}}],\"inLanguage\":\"hr\"}]}<\/script>\n<!-- \/ Yoast SEO plugin. -->","yoast_head_json":{"title":"Uvjeti kori\u0161tenja - Hairstyle News Festival","robots":{"index":"index","follow":"follow","max-snippet":"max-snippet:-1","max-image-preview":"max-image-preview:large","max-video-preview":"max-video-preview:-1"},"canonical":"https:\/\/hairstyle-news.hr\/festival\/uvjeti-koristenja\/","og_locale":"hr_HR","og_type":"article","og_title":"Uvjeti kori\u0161tenja - Hairstyle News Festival","og_description":"Uvjeti kori\u0161tenja Kori\u0161tenje usluga i sadr\u017eaja na internetskim stranicama hairstyle-news.hr podlo\u017eno je ni\u017ee navedenim Uvjetima kori\u0161tenja. Uvjeti kori\u0161tenja primjenjuju se na sve sadr\u017eaje i usluge internetskih stranica hairstyle-news.hr. Kori\u0161tenjem bilo kojeg dijela internetskih stranica hairstyle-news.hr smatra se da su korisnici upoznati s ovim uvjetima. AUTORSKA PRAVA Web stranica hairstyle-news.hr pola\u017ee autorska prava na sve vlastite &hellip; Nastavi \u010ditati \"Uvjeti kori\u0161tenja\"","og_url":"https:\/\/hairstyle-news.hr\/festival\/uvjeti-koristenja\/","og_site_name":"Hairstyle News Festival","twitter_card":"summary_large_image","twitter_misc":{"Procijenjeno vrijeme \u010ditanja":"3 minute"},"schema":{"@context":"https:\/\/schema.org","@graph":[{"@type":"WebPage","@id":"https:\/\/hairstyle-news.hr\/festival\/uvjeti-koristenja\/","url":"https:\/\/hairstyle-news.hr\/festival\/uvjeti-koristenja\/","name":"Uvjeti kori\u0161tenja - Hairstyle News Festival","isPartOf":{"@id":"https:\/\/hairstyle-news.hr\/festival\/#website"},"datePublished":"2018-06-14T11:46:40+00:00","breadcrumb":{"@id":"https:\/\/hairstyle-news.hr\/festival\/uvjeti-koristenja\/#breadcrumb"},"inLanguage":"hr","potentialAction":[{"@type":"ReadAction","target":["https:\/\/hairstyle-news.hr\/festival\/uvjeti-koristenja\/"]}]},{"@type":"BreadcrumbList","@id":"https:\/\/hairstyle-news.hr\/festival\/uvjeti-koristenja\/#breadcrumb","itemListElement":[{"@type":"ListItem","position":1,"name":"Po\u010detna stranica","item":"https:\/\/hairstyle-news.hr\/festival\/"},{"@type":"ListItem","position":2,"name":"Uvjeti kori\u0161tenja"}]},{"@type":"WebSite","@id":"https:\/\/hairstyle-news.hr\/festival\/#website","url":"https:\/\/hairstyle-news.hr\/festival\/","name":"Hairstyle News Festival","description":"","potentialAction":[{"@type":"SearchAction","target":{"@type":"EntryPoint","urlTemplate":"https:\/\/hairstyle-news.hr\/festival\/?s={search_term_string}"},"query-input":{"@type":"PropertyValueSpecification","valueRequired":true,"valueName":"search_term_string"}}],"inLanguage":"hr"}]}},"_links":{"self":[{"href":"https:\/\/hairstyle-news.hr\/festival\/wp-json\/wp\/v2\/pages\/27513","targetHints":{"allow":["GET"]}}],"collection":[{"href":"https:\/\/hairstyle-news.hr\/festival\/wp-json\/wp\/v2\/pages"}],"about":[{"href":"https:\/\/hairstyle-news.hr\/festival\/wp-json\/wp\/v2\/types\/page"}],"author":[{"embeddable":true,"href":"https:\/\/hairstyle-news.hr\/festival\/wp-json\/wp\/v2\/users\/1"}],"replies":[{"embeddable":true,"href":"https:\/\/hairstyle-news.hr\/festival\/wp-json\/wp\/v2\/comments?post=27513"}],"version-history":[{"count":1,"href":"https:\/\/hairstyle-news.hr\/festival\/wp-json\/wp\/v2\/pages\/27513\/revisions"}],"predecessor-version":[{"id":27514,"href":"https:\/\/hairstyle-news.hr\/festival\/wp-json\/wp\/v2\/pages\/27513\/revisions\/27514"}],"wp:attachment":[{"href":"https:\/\/hairstyle-news.hr\/festival\/wp-json\/wp\/v2\/media?parent=27513"}],"curies":[{"name":"wp","href":"https:\/\/api.w.org\/{rel}","templated":true}]}}