{"id":27510,"date":"2018-06-14T11:31:35","date_gmt":"2018-06-14T11:31:35","guid":{"rendered":"http:\/\/hairstyle-news.hr\/festival\/?page_id=27510"},"modified":"2018-06-14T11:35:01","modified_gmt":"2018-06-14T11:35:01","slug":"kolacici-cookies","status":"publish","type":"page","link":"https:\/\/hairstyle-news.hr\/festival\/kolacici-cookies\/","title":{"rendered":"Kola\u010di\u0107i &#8211; Cookies"},"content":{"rendered":"<div id=\"gdrp-wrapper\">\n<div id=\"gdrp-inner\" class=\"teneighty-block\">\n<h1>Kola\u010di\u0107i &#8211; Cookies<\/h1>\n<h2>Kori\u0161tenje kola\u010di\u0107a (cookies)<\/h2>\n<p>Ova Internet stranica te njezine on-line usluge koriste kola\u010di\u0107e radi pobolj\u0161anja usluga. Odluka o dopu\u0161tanju kori\u0161tenja kola\u010di\u0107a na Internet stranici u potpunosti je va\u0161a. Treba napomenuti da Internet stranica funkcionira optimalno samo ako je omogu\u0107eno kori\u0161tenje kola\u010di\u0107a.<\/p>\n<h2>\u0160to su kola\u010di\u0107i?<\/h2>\n<p>Kola\u010di\u0107i (cookies) su male datoteke koje Va\u0161 preglednik sprema na disk prilikom posjete na\u0161e Internet stranice. To omogu\u0107uje na\u0161oj web stranici da prepozna Va\u0161e ra\u010dunalo kada nas sljede\u0107i put posjetite, kako bi vam sukladno tome ponudili personalizirano iskustvo prilikom va\u0161eg surfanja. Kola\u010di\u0107i nisu usmjereni na \u0161pijuniranje korisnika i ne slijede sve \u0161to korisnik radi te nisu zlonamjerni kod ili virus. Tako\u0111er kola\u010di\u0107i nisu povezani s ne\u017eeljenim porukama ili spamom, ne mogu spremiti lozinku i nisu namijenjeni isklju\u010divo za reklame ili ogla\u0161avanje. Informacije poput Va\u0161eg imena ili e-mail adrese ne\u0107e biti spremljene &#8211; web stranice ne mogu pristupiti va\u0161im osobnim informacijama i datotekama na Va\u0161em ra\u010dunalu.<\/p>\n<p>Da bi kola\u010di\u0107e mogli koristiti sukladno Zakonu o elektroni\u010dkim komunikacijama, Zakonu o za\u0161titi osobnih podataka, Direktivama EU 2002\/58\/EZ i 95\/46\/EZ te GDPR direktivi, treba nam va\u0161a privola.<\/p>\n<h2>Vrste kola\u010di\u0107a<\/h2>\n<p>Koristimo kola\u010di\u0107e prvih strana (osnovni kola\u010di\u0107i) kako bi vam omogu\u0107ili bolje korisni\u010dko iskustvo budu\u0107i da oni slu\u017ee za pam\u0107enje odre\u0111enih postavki stranice te kako bi web stranica normalno radila. <\/p>\n<p>Tako\u0111er koristimo kola\u010di\u0107e tre\u0107ih strana (ostali kola\u010di\u0107i) poput Facebooka i Googlea koji nam trebaju za pra\u0107enje aktivnosti svih posjetitelja na\u0161e web stranice, kako bi znali je li sadr\u017eaj koji objavljujemo koristan i zanimljiv.<\/p>\n<p>Kola\u010di\u0107i tre\u0107ih strana koje koristimo su:<\/p>\n<ul>\n<li>Google Analytics \u2013 s njime pratimo aktivnosti na portalu Hairsyle News i temeljem zaklju\u010daka koje dobijemo analizom statistike, unaprje\u0111ujemo dalje na\u0161u domenu te vam stvaramo zanimljiviji i korisniji sadr\u017eaj<\/li>\n<li>Google AdWords \u2013 omogu\u0107uje nam da svima koji putem AdWords kampanja do\u0111u na web stranicu, naknadno kroz remarketing kampanje ponudimo informacije o zanimljivim sadr\u017eajima ili informiramo o posebnim ponudama za usluge koje pru\u017eamo.<\/li>\n<li>Google Tag Manager \u2013 ovdje je rije\u010d o posebnom Gooogleovom alatu koji nama pojednostavljuje upravljanje svim tre\u0107im servisima koje koristimo te omogu\u0107uje naprednije pra\u0107enje pojedinih dijelova portala Hairsyle News.<\/li>\n<li>Facebook Pixel \u2013 omogu\u0107uje nam da sve one koji putem na\u0161ih Facebook sadr\u017eaja do\u0111u na portal Hairsyle News, kasnije obavijestimo o zanimljivim sadr\u017eajima ili informiramo o posebnim ponudama za usluge koje pru\u017eamo.<\/li>\n<\/ul>\n<h2>Kako prihvatiti ili odbiti kola\u010di\u0107e?<\/h2>\n<p>Uvijek mo\u017eete blokirati upotrebu nekih ili svih kola\u010di\u0107a koje koristimo na na\u0161oj web stranici, no to mo\u017ee utjecati na njenu funkcionalnost.<\/p>\n<p>Link za postavke kola\u010di\u0107a nalazi se na dnu ove stranice. Nakon odabira postavki, u svakom trenutku mo\u017eete resetirati postavke kola\u010di\u0107a tako\u0111er na dnu ove stranice.<\/p>\n<p>Dodatno mo\u017eete prihvatiti ili odbiti neke ili sve kola\u010di\u0107e prilago\u0111avanjem postavki Va\u0161eg preglednika. Na sljede\u0107im linkovima mo\u017eete prona\u0107i informacije o tome kako promijeniti postavke za neke od naj\u010de\u0161\u0107e kori\u0161tenih web preglednika: <a href=\"https:\/\/support.mozilla.org\/en-US\/kb\/delete-browsing-search-download-history-firefox?redirectlocale=en-US&#038;redirectslug=Clear+Recent+History\" target=\"_blank\">Mozilla Firefox<\/a>, <a href=\"https:\/\/support.google.com\/chrome\/answer\/95647?hl=en-GB\" target=\"_blank\">Google Chrome<\/a>, <a href=\"https:\/\/support.microsoft.com\/en-us\/help\/278835\/how-to-delete-cookie-files-in-internet-explorer\" target=\"_blank\">Microsoft Internet Explorer<\/a>, <a href=\"https:\/\/support.apple.com\/kb\/PH5042?locale=en_US\" target=\"_blank\">Apple Safari<\/a>, <a href=\"http:\/\/help.opera.com\/Windows\/10.00\/en\/cookies.html\" target=\"_blank\">Opera<\/a>. Neki preglednici Vam omogu\u0107uju surfanje u &#8220;anonimnom&#8221; na\u010dinu rada, ograni\u010davaju\u0107i koli\u010dinu podataka postavljenih na va\u0161em ra\u010dunalu i automatsko brisanje trajnih kola\u010di\u0107a postavljenih na va\u0161 ure\u0111aj kada zavr\u0161ite sesiju pregledavanja. Postoje i mnoge aplikacije tre\u0107ih strana koje mo\u017eete dodati u preglednik da biste blokirali ili upravljali kola\u010di\u0107ima. Mo\u017eete i izbrisati kola\u010di\u0107e koji su prethodno bili postavljeni u va\u0161 preglednik tako da odaberete opciju za brisanje povijesti pregledavanja i pritom uklju\u010dite i opciju brisanja kola\u010di\u0107a. Detaljnije informacije o kola\u010di\u0107ima i pode\u0161avanje postavki preglednika mo\u017eete prona\u0107i na stranici <a href=\"http:\/\/www.allaboutcookies.org\/\" target=\"_blank\">www.allaboutcookies.org<\/a>.<\/p>\n<p><a href=\"#\"><span data-href=\"#moove_gdpr_cookie_modal\" class=\"change-settings-button\">Postavke kola\u010di\u0107a<\/span><\/a><\/p>\n<\/div>\n<\/div>\n<p><\/br><br \/>\n<\/br><\/p>\n","protected":false},"excerpt":{"rendered":"<p>Kola\u010di\u0107i &#8211; Cookies Kori\u0161tenje kola\u010di\u0107a (cookies) Ova Internet stranica te njezine on-line usluge koriste kola\u010di\u0107e radi pobolj\u0161anja usluga. Odluka o dopu\u0161tanju kori\u0161tenja kola\u010di\u0107a na Internet stranici u potpunosti je va\u0161a. Treba napomenuti da Internet stranica funkcionira optimalno samo ako je omogu\u0107eno kori\u0161tenje kola\u010di\u0107a. \u0160to su kola\u010di\u0107i? Kola\u010di\u0107i (cookies) su male datoteke koje Va\u0161 preglednik sprema &hellip; <\/p>\n<p class=\"link-more\"><a href=\"https:\/\/hairstyle-news.hr\/festival\/kolacici-cookies\/\" class=\"more-link\">Nastavi \u010ditati<span class=\"screen-reader-text\"> &#8220;Kola\u010di\u0107i &#8211; Cookies&#8221;<\/span><\/a><\/p>\n","protected":false},"author":1,"featured_media":0,"parent":0,"menu_order":0,"comment_status":"closed","ping_status":"closed","template":"","meta":{"ngg_post_thumbnail":0,"footnotes":""},"class_list":["post-27510","page","type-page","status-publish","hentry"],"yoast_head":"<!-- This site is optimized with the Yoast SEO plugin v27.0 - https:\/\/yoast.com\/product\/yoast-seo-wordpress\/ -->\n<title>Kola\u010di\u0107i - Cookies - Hairstyle News Festival<\/title>\n<meta name=\"robots\" content=\"index, follow, max-snippet:-1, max-image-preview:large, max-video-preview:-1\" \/>\n<link rel=\"canonical\" href=\"https:\/\/hairstyle-news.hr\/festival\/kolacici-cookies\/\" \/>\n<meta property=\"og:locale\" content=\"hr_HR\" \/>\n<meta property=\"og:type\" content=\"article\" \/>\n<meta property=\"og:title\" content=\"Kola\u010di\u0107i - Cookies - Hairstyle News Festival\" \/>\n<meta property=\"og:description\" content=\"Kola\u010di\u0107i &#8211; Cookies Kori\u0161tenje kola\u010di\u0107a (cookies) Ova Internet stranica te njezine on-line usluge koriste kola\u010di\u0107e radi pobolj\u0161anja usluga. Odluka o dopu\u0161tanju kori\u0161tenja kola\u010di\u0107a na Internet stranici u potpunosti je va\u0161a. Treba napomenuti da Internet stranica funkcionira optimalno samo ako je omogu\u0107eno kori\u0161tenje kola\u010di\u0107a. \u0160to su kola\u010di\u0107i? Kola\u010di\u0107i (cookies) su male datoteke koje Va\u0161 preglednik sprema &hellip; Nastavi \u010ditati &quot;Kola\u010di\u0107i &#8211; Cookies&quot;\" \/>\n<meta property=\"og:url\" content=\"https:\/\/hairstyle-news.hr\/festival\/kolacici-cookies\/\" \/>\n<meta property=\"og:site_name\" content=\"Hairstyle News Festival\" \/>\n<meta property=\"article:modified_time\" content=\"2018-06-14T11:35:01+00:00\" \/>\n<meta name=\"twitter:card\" content=\"summary_large_image\" \/>\n<meta name=\"twitter:label1\" content=\"Procijenjeno vrijeme \u010ditanja\" \/>\n\t<meta name=\"twitter:data1\" content=\"3 minute\" \/>\n<script type=\"application\/ld+json\" class=\"yoast-schema-graph\">{\"@context\":\"https:\/\/schema.org\",\"@graph\":[{\"@type\":\"WebPage\",\"@id\":\"https:\/\/hairstyle-news.hr\/festival\/kolacici-cookies\/\",\"url\":\"https:\/\/hairstyle-news.hr\/festival\/kolacici-cookies\/\",\"name\":\"Kola\u010di\u0107i - Cookies - Hairstyle News Festival\",\"isPartOf\":{\"@id\":\"https:\/\/hairstyle-news.hr\/festival\/#website\"},\"datePublished\":\"2018-06-14T11:31:35+00:00\",\"dateModified\":\"2018-06-14T11:35:01+00:00\",\"breadcrumb\":{\"@id\":\"https:\/\/hairstyle-news.hr\/festival\/kolacici-cookies\/#breadcrumb\"},\"inLanguage\":\"hr\",\"potentialAction\":[{\"@type\":\"ReadAction\",\"target\":[\"https:\/\/hairstyle-news.hr\/festival\/kolacici-cookies\/\"]}]},{\"@type\":\"BreadcrumbList\",\"@id\":\"https:\/\/hairstyle-news.hr\/festival\/kolacici-cookies\/#breadcrumb\",\"itemListElement\":[{\"@type\":\"ListItem\",\"position\":1,\"name\":\"Po\u010detna stranica\",\"item\":\"https:\/\/hairstyle-news.hr\/festival\/\"},{\"@type\":\"ListItem\",\"position\":2,\"name\":\"Kola\u010di\u0107i &#8211; Cookies\"}]},{\"@type\":\"WebSite\",\"@id\":\"https:\/\/hairstyle-news.hr\/festival\/#website\",\"url\":\"https:\/\/hairstyle-news.hr\/festival\/\",\"name\":\"Hairstyle News Festival\",\"description\":\"\",\"potentialAction\":[{\"@type\":\"SearchAction\",\"target\":{\"@type\":\"EntryPoint\",\"urlTemplate\":\"https:\/\/hairstyle-news.hr\/festival\/?s={search_term_string}\"},\"query-input\":{\"@type\":\"PropertyValueSpecification\",\"valueRequired\":true,\"valueName\":\"search_term_string\"}}],\"inLanguage\":\"hr\"}]}<\/script>\n<!-- \/ Yoast SEO plugin. -->","yoast_head_json":{"title":"Kola\u010di\u0107i - Cookies - Hairstyle News Festival","robots":{"index":"index","follow":"follow","max-snippet":"max-snippet:-1","max-image-preview":"max-image-preview:large","max-video-preview":"max-video-preview:-1"},"canonical":"https:\/\/hairstyle-news.hr\/festival\/kolacici-cookies\/","og_locale":"hr_HR","og_type":"article","og_title":"Kola\u010di\u0107i - Cookies - Hairstyle News Festival","og_description":"Kola\u010di\u0107i &#8211; Cookies Kori\u0161tenje kola\u010di\u0107a (cookies) Ova Internet stranica te njezine on-line usluge koriste kola\u010di\u0107e radi pobolj\u0161anja usluga. Odluka o dopu\u0161tanju kori\u0161tenja kola\u010di\u0107a na Internet stranici u potpunosti je va\u0161a. Treba napomenuti da Internet stranica funkcionira optimalno samo ako je omogu\u0107eno kori\u0161tenje kola\u010di\u0107a. \u0160to su kola\u010di\u0107i? Kola\u010di\u0107i (cookies) su male datoteke koje Va\u0161 preglednik sprema &hellip; Nastavi \u010ditati \"Kola\u010di\u0107i &#8211; Cookies\"","og_url":"https:\/\/hairstyle-news.hr\/festival\/kolacici-cookies\/","og_site_name":"Hairstyle News Festival","article_modified_time":"2018-06-14T11:35:01+00:00","twitter_card":"summary_large_image","twitter_misc":{"Procijenjeno vrijeme \u010ditanja":"3 minute"},"schema":{"@context":"https:\/\/schema.org","@graph":[{"@type":"WebPage","@id":"https:\/\/hairstyle-news.hr\/festival\/kolacici-cookies\/","url":"https:\/\/hairstyle-news.hr\/festival\/kolacici-cookies\/","name":"Kola\u010di\u0107i - Cookies - Hairstyle News Festival","isPartOf":{"@id":"https:\/\/hairstyle-news.hr\/festival\/#website"},"datePublished":"2018-06-14T11:31:35+00:00","dateModified":"2018-06-14T11:35:01+00:00","breadcrumb":{"@id":"https:\/\/hairstyle-news.hr\/festival\/kolacici-cookies\/#breadcrumb"},"inLanguage":"hr","potentialAction":[{"@type":"ReadAction","target":["https:\/\/hairstyle-news.hr\/festival\/kolacici-cookies\/"]}]},{"@type":"BreadcrumbList","@id":"https:\/\/hairstyle-news.hr\/festival\/kolacici-cookies\/#breadcrumb","itemListElement":[{"@type":"ListItem","position":1,"name":"Po\u010detna stranica","item":"https:\/\/hairstyle-news.hr\/festival\/"},{"@type":"ListItem","position":2,"name":"Kola\u010di\u0107i &#8211; Cookies"}]},{"@type":"WebSite","@id":"https:\/\/hairstyle-news.hr\/festival\/#website","url":"https:\/\/hairstyle-news.hr\/festival\/","name":"Hairstyle News Festival","description":"","potentialAction":[{"@type":"SearchAction","target":{"@type":"EntryPoint","urlTemplate":"https:\/\/hairstyle-news.hr\/festival\/?s={search_term_string}"},"query-input":{"@type":"PropertyValueSpecification","valueRequired":true,"valueName":"search_term_string"}}],"inLanguage":"hr"}]}},"_links":{"self":[{"href":"https:\/\/hairstyle-news.hr\/festival\/wp-json\/wp\/v2\/pages\/27510","targetHints":{"allow":["GET"]}}],"collection":[{"href":"https:\/\/hairstyle-news.hr\/festival\/wp-json\/wp\/v2\/pages"}],"about":[{"href":"https:\/\/hairstyle-news.hr\/festival\/wp-json\/wp\/v2\/types\/page"}],"author":[{"embeddable":true,"href":"https:\/\/hairstyle-news.hr\/festival\/wp-json\/wp\/v2\/users\/1"}],"replies":[{"embeddable":true,"href":"https:\/\/hairstyle-news.hr\/festival\/wp-json\/wp\/v2\/comments?post=27510"}],"version-history":[{"count":2,"href":"https:\/\/hairstyle-news.hr\/festival\/wp-json\/wp\/v2\/pages\/27510\/revisions"}],"predecessor-version":[{"id":27512,"href":"https:\/\/hairstyle-news.hr\/festival\/wp-json\/wp\/v2\/pages\/27510\/revisions\/27512"}],"wp:attachment":[{"href":"https:\/\/hairstyle-news.hr\/festival\/wp-json\/wp\/v2\/media?parent=27510"}],"curies":[{"name":"wp","href":"https:\/\/api.w.org\/{rel}","templated":true}]}}