{"id":27506,"date":"2018-06-14T09:09:42","date_gmt":"2018-06-14T09:09:42","guid":{"rendered":"http:\/\/hairstyle-news.hr\/festival\/?page_id=27506"},"modified":"2018-11-16T16:10:32","modified_gmt":"2018-11-16T16:10:32","slug":"zastita-osobnih-podataka","status":"publish","type":"page","link":"https:\/\/hairstyle-news.hr\/festival\/zastita-osobnih-podataka\/","title":{"rendered":"Za\u0161tita osobnih podataka"},"content":{"rendered":"<div id=\"gdrp-wrapper\">\n<div id=\"gdrp-inner\" class=\"teneighty-block\">\n<h1>Pravila za\u0161tite privatnosti<\/h1>\n<h2>1. Op\u0107e informacije<\/h2>\n<p>Ova Pravila za\u0161tite privatnosti opisuju koje va\u0161e osobne podatke prikupljamo, na koji na\u010din ih obra\u0111ujemo te u koje svrhe ih upotrebljavamo, kao i va\u0161a prava povezana s va\u0161im podacima.<\/p>\n<p>Kvarner Kongresi, Zagreb, OIB 89422029199 (pravni predstavnik Hairstyle News-a) obra\u0111uje osobne podatke korisnika svojih usluga i posjetitelja web stranice www.hairstyle-news.hr u skladu s va\u017ee\u0107im propisima kojima je regulirana za\u0161tita osobnih podataka (Op\u0107a uredba o za\u0161titi podataka 2016\/679, Zakon o provedbi Op\u0107e uredbe o za\u0161titi podataka NN42\/2018 i drugi propisi).<\/p>\n<p>Po\u0161tujemo va\u0161u privatnost i obra\u0111ujemo osobne podatke po\u0161teno i zakonito, isklju\u010divo na temelju valjanih pravnih osnova, odnosno sukladno va\u0161im suglasnostima za obradu. Ovim pravilima se obvezujemo da \u0107emo za\u0161tititi privatnost korisnika, kupaca i posjetitelja na\u0161e web stranice te se obavezujemo pru\u017eati za\u0161titu njihovim osobnim podacima koje nam pru\u017eaju putem web stranice.<\/p>\n<p>Ova pravila opisuju vrste podatke koje mo\u017eemo prikupiti od vas kada posjetite na\u0161u web stranicu ili se registrirate za neku od na\u0161ih usluga te obja\u0161njavaju kako upotrebljavamo te podatke i korake koje poduzimamo da bismo ih za\u0161titili. Pravila tako\u0111er opisuju izbore koje imate u vezi s prikupljanjem i kori\u0161tenjem va\u0161ih podataka prilikom posjete na\u0161oj web stranici.<\/p>\n<h2>2. Koje informacije prikupljamo o vama i kako ih koristimo?<\/h2>\n<p>Kao posjetitelj niste obvezni dati svoje osobne podatke da biste koristili ovu web stranicu. Op\u0107enito, mo\u017eete posjetiti na\u0161u web stranicu bez otkrivanja osobnih podataka o sebi kao \u0161to su va\u0161e ime ili neki drugi osobni podaci. Osim ako dobrovoljno ne po\u0161aljete podatke pomo\u0107u jednog od dostupnih obrazaca za odre\u0111enu svrhu (kontakt obrazac, registracijski obrazac, obrazac za kupovinu knjiga, obrazac za primanje newslettera, obrazac za dobivanje besplatnog \u010dasopisa, obrazac za narud\u017ebu ulaznica za seminare, obrazac za izlaga\u010de na festivalu) te time date va\u0161u privolu na prikupljanje i kori\u0161tenje va\u0161ih osobnih podataka u navedene svrhe. Takve informacije mogu sadr\u017eavati: naziv tvrtke, ime i prezime, po\u0161tansku adresu, OIB, e-mail adresu, broj telefona i mobitela.<\/p>\n<p>Svi osobni podaci koriste se isklju\u010divo u svrhu radi koje su prikupljeni i za koje je dana privola. Privolu za obradu osobnih podataka mogu dati osobe s navr\u0161enih 16 godina ili vi\u0161e, dok za osobe mla\u0111e od 16 privolu mo\u017ee dati roditelj ili skrbnik. <\/p>\n<p>Prikupljene podatke ne\u0107emo ni na koji na\u010din u\u010diniti dostupnima neovla\u0161tenim tre\u0107im osobama, osim u legitimne i zakonom propisane svrhe.<\/p>\n<h2>3. Zadr\u017eavanje korisni\u010dkih podataka<\/h2>\n<p>Pohranjujemo osobne podatke naru\u010ditelja na\u0161ih proizvoda i usluga te primatelja besplatnog \u010dasopisa i newslettera na razdoblje dok se ostvaruje svrha obrade, a to je razdoblje do trenutka do kada je aktivna registracija odnosno do zaprimanja zahtjeva za brisanje podataka. <\/p>\n<p>Svi podaci se bri\u0161u nakon prestanka svrhe za koju su prikupljeni, odnosno prestankom ugovornog odnosa, a najkasnije po isteku svih zakonskih obveza povezanih s \u010duvanjem osobnih podataka.<\/p>\n<h2>4. Dodatne okolnosti u kojima \u0107emo va\u0161e informacije podijeliti s ovla\u0161tenim tre\u0107im stranama i dodatne svrhe za koje koristimo va\u0161e podatke<\/h2>\n<p>Za obradu osobnih podataka koristimo i usluge drugih osoba koji obra\u0111uju osobne podatke isklju\u010divo u skladu s na\u0161im uputama i za legitimne svrhe. <\/p>\n<p>U vezi s izvr\u0161avanjem va\u0161ih narud\u017ebi uklju\u010deni su i na\u0161i partneri koji obra\u0111uju va\u0161e podatke u legitimne svrhe:<\/p>\n<ul>\n<li><b>Ra\u010dunovodstvo<\/b><br \/>\nPodijelimo podatke s na\u0161im ra\u010dunovo\u0111ama za porezne svrhe. Na primjer, dijelimo fakture koje izdajemo i primamo kod na\u0161ih ra\u010dunovo\u0111a u svrhu popunjavanja poreznih prijava i ra\u010duna na kraju godine. Na\u0161 ra\u010dunovodstveni servis &#8211; Obrt za knjigovodstvene usluge Sveza, Rijeka<\/li>\n<li><b>Web administratori portala<\/b><br \/>\nPristup podacima koji se prikupljaju kroz kontakt obrasce na portalu imaju i na\u0161i web administratori portala &#8211; Obrt za usluge Azimuth, Rijeka<\/li>\n<li><b>Dostavlja\u010dka slu\u017eba<\/b><br \/>\nZa potrebe dostave naru\u010denih proizvoda va\u0161e podatke dostavljamo i dostavlja\u010dkoj slu\u017ebi. Hrvatska po\u0161ta d.d., Zagreb. Uvjeti njihove za\u0161tite privatnosti su dostupni ovdje:<br \/>\n<a href=\"https:\/\/www.posta.hr\/hr\/pomoc-i-podrska\/zastita-privatnosti\/6436\" target=\"_blank\">https:\/\/www.posta.hr\/hr\/pomoc-i-podrska\/zastita-privatnosti\/6436<\/a><\/li>\n<\/ul>\n<h2>5. Anonimni podaci i uporaba kola\u010di\u0107a (cookies)<\/h2>\n<p>Na na\u0161oj web stranici automatski prikupljamo informacije u log datotekama poslu\u017eitelja, kao \u0161to je va\u0161a IP adresa, vrsta preglednika, stranice za preusmjeravanje \/ izlazak i operativni sustav. Koristimo ove informacije kako bismo upravljali na\u0161im web stranicama i na\u0161im tehni\u010dkim rje\u0161enjima, razumjeli kako se posjetitelji kre\u0107u kroz na\u0161u web stranicu i usluge te da pobolj\u0161amo va\u0161e iskustvo dok koristite na\u0161e web stranice i usluge. Prikupljene informacije su anonimne i ne uklju\u010duju va\u0161e osobne podatke.<\/p>\n<p>Na temelju va\u0161eg pristanka na kori\u0161tenje kola\u010di\u0107a i drugih tehnologija, za vrijeme va\u0161eg kori\u0161tenja web stranice, anonimno se prikupljaju informacije (koje ne uklju\u010duju va\u0161e privatne podatke) zbog analitike posje\u0107enosti stranice i marketin\u0161kih aktivnosti od strane: <\/p>\n<ul>\n<li><b><em>Google Inc.<\/em><\/b><br \/>\n<em>Google<\/em> prikuplja informacije putem na\u0161e upotrebe usluge <em>Google Analytics<\/em> na na\u0161oj web stranici. <em>Google<\/em> koristi ove informacije, uklju\u010duju\u0107i IP adrese i podatke iz kola\u010di\u0107a, u vi\u0161e svrha, kao \u0161to je pobolj\u0161anje usluge <em>Google Analytics<\/em>. Informacije se dijele s <em>Googleom<\/em> na anonimnoj osnovi. Mo\u017eete se isklju\u010diti iz usluge <em>Google Analytics<\/em> tako da instalirate sljede\u0107i dodatak pregledniku: <a href=\"https:\/\/tools.google.com\/dlpage\/gaoptout\" target=\"_blank\">https:\/\/tools.google.com\/dlpage\/gaoptout<\/a><br \/>\n<em>Google Ireland Limited<\/em> (registracijski broj: 368047), sa sjedi\u0161tem Gordon House, Barrow Street, Dublin 4, Irska. Uvjeti njihove za\u0161tite privatnosti su dostupni ovdje: <a href=\"https:\/\/policies.google.com\/technologies\/ads\" target=\"_blank\">https:\/\/policies.google.com\/technologies\/ads<\/a><\/li>\n<li><b><em>Facebook Inc.<\/em><\/b><br \/>\n<em>Facebook Pixel<\/em> \u2013 omogu\u0107uje nam da sve one koji putem na\u0161ih Facebook sadr\u017eaja do\u0111u na portal Hairsyle News, kasnije obavijestimo o zanimljivim sadr\u017eajima ili informiramo o posebnim ponudama za usluge koje pru\u017eamo.<br \/>\n<em>Facebook Ireland Limited<\/em>, se sjedi\u0161tem 4 Grand Canal Square, Grand Canal Harbour, Dublin 2, D02 X525, Irska. Uvjeti njihove za\u0161tite privatnosti su dostupni ovdje: <a href=\"https:\/\/cs-cz.facebook.com\/about\/privacy\" target=\"_blank\">https:\/\/cs-cz.facebook.com\/about\/privacy<\/a><\/li>\n<\/ul>\n<h2>6. Pristup i a\u017euriranje va\u0161ih osobnih podataka<\/h2>\n<p>Na\u0161i korisnici u svakom trenutku mogu zatra\u017eiti ostvarivanje sljede\u0107ih prava:<\/p>\n<ul>\n<li>pravo na pristup podacima i uvid u podatke koji se odnose na vas<\/li>\n<li>pravo na informiranost o obradi osobnih podataka<\/li>\n<li>pravo na prenosivost podataka<\/li>\n<li>pravo na povla\u010denje privole<\/li>\n<li>pravo na podno\u0161enje prigovora<\/li>\n<li>pravo na ispravak i promjenu osobnih podataka u slu\u010daju ako su podaci nepotpuni ili neto\u010dni<\/li>\n<li>pravo na brisanje u slu\u010dajevima kao \u0161to su prestanak svrhe obrade, povla\u010denje privole ili u slu\u010daju podno\u0161enja prigovora<\/li>\n<\/ul>\n<p>Ako \u017eelite ostvariti neko od navedenih prava, kontaktirajte nas na <a href=\"mailto:dpo@hairstyle-news.hr\">dpo@hairstyle-news.hr<\/a>. <\/p>\n<p>Sukladno va\u017ee\u0107im zakonskim propisima kojima je regulirana za\u0161tita osobnih podataka svaki zahtjev\/upit bit \u0107e rije\u0161en \u0161to je prije mogu\u0107e, a najkasnije u roku od 30 dana od zaprimanja.<\/p>\n<p>Prilikom kontakta i postavljanja navedenih zahtjeva ulo\u017eit \u0107emo razumne napore da potvrdimo va\u0161 identitet i sprije\u010dimo neautoriziranu obradu osobnih podataka.<\/p>\n<h2>7. Sigurnost va\u0161ih osobnih podataka<\/h2>\n<p>Predani smo poduzimanju odgovaraju\u0107ih tehni\u010dkih i organizacijskih mjera za za\u0161titu va\u0161ih osobnih podataka od neovla\u0161tenog ili nezakonitog postupanja s njima i od njihovog slu\u010dajnog gubitka, uni\u0161tenja ili o\u0161te\u0107enja. Za sve osobne podatke koje ste nam dali obavezujemo se po\u0161tivati njihovu povjerljivost i pridr\u017eavati se pravila o privatnosti.<\/p>\n<p>Pristup va\u0161im osobnim podacima ograni\u010den je samo na osobe kojima su te informacije nu\u017ene u pru\u017eanju na\u0161ih usluga. Kontinuirano se educiramo o va\u017enosti povjerljivosti podataka te \u010duvanju privatnosti i za\u0161titi va\u0161ih podataka. Prikupljamo samo one podatke koji su nu\u017eni za predmetnu obradu i ne \u010duvamo ih dulje nego li je to potrebno, odnosno odre\u0111eno zakonskim propisima.<\/p>\n<p>Tre\u0107e strane kojima se osobni podaci sukladno ovim Uvjetima kori\u0161tenja proslje\u0111uju obvezani su za \u010duvanje prikupljenih podataka ugovorima o povjerljivosti. U svakom slu\u010daju, U pru\u017eanju usluga inzistiramo na sigurnosti korisni\u010dkih podataka i nastojimo da tre\u0107e strane kojima se podaci proslje\u0111uju odr\u017eavaju istu razinu za\u0161tite korisni\u010dkih podataka.<\/p>\n<h2>8. Obavje\u0161\u0107ivanje o povredi osobnih podataka<\/h2>\n<p>U slu\u010daju povrede osobnih podataka obavijestit \u0107emo Vas i nadle\u017eno nadzorno tijelo  porukom e-po\u0161te u roku 72 sata o razmjerima povrede, obuhva\u0107enim podacima, mo\u017eebitnom utjecaju na na\u0161e usluge i na\u0161im planiranim mjerama za osiguranje podataka i ograni\u010denje bilo kakvih \u0161tetnih u\u010dinaka po pojedince.<\/p>\n<p>Obavijest o povredi vam ne\u0107emo poslati u slu\u010daju:<\/p>\n<ul>\n<li>ako postoje tehni\u010dke i organizacijske mjere za\u0161tite (poput enkripcije) koje su primijenjene na osobne podatke pogo\u0111ene povredom osobnih podataka, koje te podatke \u010dine nerazumljiva bilo kojoj osobi koja im nije ovla\u0161tena pristupiti;<\/li>\n<li>ako smo poduzeli naknadne mjere kojima se osigurava da vi\u0161e nije vjerojatno da \u0107e do\u0107i do visokog rizika za prava i slobode pojedinaca;<\/li>\n<li>ako bi to iziskivalo nerazmjeran napor ( u tom slu\u010daju \u0107emo Vas obavijestiti putem sredstava javnog obavje\u0161\u0107ivanja ili sli\u010dne jednako djelotvorne mjere).<\/li>\n<\/ul>\n<p>Povreda osobnih podataka zna\u010di povredu sigurnosti koja vodi do nenamjernog ili nezakonitog uni\u0161tenja, gubitka, izmjene, neautoriziranog otkrivanja ili pristupa osobnim podacima koji se prenose, \u010duvaju i obra\u0111uju u vezi s nu\u0111enjem na\u0161ih usluga.<\/p>\n<h2>9. Pravo na pritu\u017ebu nadle\u017enom tijelu<\/h2>\n<p>U bilo kojem trenutku mo\u017eete poslati pritu\u017ebu nadzornom tijelu u vezi na\u0161eg skupljanja i obrade Va\u0161ih osobnih podataka. U Republici Hrvatskoj pritu\u017ebu mo\u017eete podnijeti Agenciji za za\u0161titu osobnih podatka (AZOP)<\/p>\n<h2>10. Va\u0161a privola<\/h2>\n<p>Kori\u0161tenjem ove web stranice dajete privolu na ova Pravila privatnosti.<\/p>\n<h2>11. Obavijest o a\u017euriranju Pravila za\u0161tite privatnosti<\/h2>\n<p>Periodi\u010dno mo\u017eemo a\u017eurirati na\u0161a pravila za\u0161tite privatnosti. A\u017euriranja na\u0161ih Pravila za\u0161tite privatnosti bit \u0107e objavljeno na na\u0161oj web stranici. Sve dopune stupaju na snagu u trenutku njihove objave na na\u0161oj web stranici. Stoga, savjetujemo Vam da redovito posje\u0107ujte stranicu kako biste bili obavije\u0161teni o mogu\u0107im a\u017euriranjima. <\/p>\n<p>Zadnje a\u017eurirano: 21.5.2018.<\/p>\n<h2>Kontakt<\/h2>\n<p>Ako imate bilo kakvih pitanja vezanih uz Pravila o za\u0161titi privatnosti molimo Vas da nas kontaktirate na e-mail: <a href=\"mailto:dpo@hairstyle-news.hr\">dpo@hairstyle-news.hr<\/a>. <\/p>\n<\/div>\n<\/div>\n<p><\/br><\/br><\/p>\n","protected":false},"excerpt":{"rendered":"<p>Pravila za\u0161tite privatnosti 1. Op\u0107e informacije Ova Pravila za\u0161tite privatnosti opisuju koje va\u0161e osobne podatke prikupljamo, na koji na\u010din ih obra\u0111ujemo te u koje svrhe ih upotrebljavamo, kao i va\u0161a prava povezana s va\u0161im podacima. Kvarner Kongresi, Zagreb, OIB 89422029199 (pravni predstavnik Hairstyle News-a) obra\u0111uje osobne podatke korisnika svojih usluga i posjetitelja web stranice www.hairstyle-news.hr &hellip; <\/p>\n<p class=\"link-more\"><a href=\"https:\/\/hairstyle-news.hr\/festival\/zastita-osobnih-podataka\/\" class=\"more-link\">Nastavi \u010ditati<span class=\"screen-reader-text\"> &#8220;Za\u0161tita osobnih podataka&#8221;<\/span><\/a><\/p>\n","protected":false},"author":1,"featured_media":0,"parent":0,"menu_order":0,"comment_status":"closed","ping_status":"closed","template":"","meta":{"ngg_post_thumbnail":0,"footnotes":""},"class_list":["post-27506","page","type-page","status-publish","hentry"],"yoast_head":"<!-- This site is optimized with the Yoast SEO plugin v27.0 - https:\/\/yoast.com\/product\/yoast-seo-wordpress\/ -->\n<title>Za\u0161tita osobnih podataka - Hairstyle News Festival<\/title>\n<meta name=\"robots\" content=\"index, follow, max-snippet:-1, max-image-preview:large, max-video-preview:-1\" \/>\n<link rel=\"canonical\" href=\"https:\/\/hairstyle-news.hr\/festival\/zastita-osobnih-podataka\/\" \/>\n<meta property=\"og:locale\" content=\"hr_HR\" \/>\n<meta property=\"og:type\" content=\"article\" \/>\n<meta property=\"og:title\" content=\"Za\u0161tita osobnih podataka - Hairstyle News Festival\" \/>\n<meta property=\"og:description\" content=\"Pravila za\u0161tite privatnosti 1. Op\u0107e informacije Ova Pravila za\u0161tite privatnosti opisuju koje va\u0161e osobne podatke prikupljamo, na koji na\u010din ih obra\u0111ujemo te u koje svrhe ih upotrebljavamo, kao i va\u0161a prava povezana s va\u0161im podacima. Kvarner Kongresi, Zagreb, OIB 89422029199 (pravni predstavnik Hairstyle News-a) obra\u0111uje osobne podatke korisnika svojih usluga i posjetitelja web stranice www.hairstyle-news.hr &hellip; Nastavi \u010ditati &quot;Za\u0161tita osobnih podataka&quot;\" \/>\n<meta property=\"og:url\" content=\"https:\/\/hairstyle-news.hr\/festival\/zastita-osobnih-podataka\/\" \/>\n<meta property=\"og:site_name\" content=\"Hairstyle News Festival\" \/>\n<meta property=\"article:modified_time\" content=\"2018-11-16T16:10:32+00:00\" \/>\n<meta name=\"twitter:card\" content=\"summary_large_image\" \/>\n<meta name=\"twitter:label1\" content=\"Procijenjeno vrijeme \u010ditanja\" \/>\n\t<meta name=\"twitter:data1\" content=\"8 minuta\" \/>\n<script type=\"application\/ld+json\" class=\"yoast-schema-graph\">{\"@context\":\"https:\/\/schema.org\",\"@graph\":[{\"@type\":\"WebPage\",\"@id\":\"https:\/\/hairstyle-news.hr\/festival\/zastita-osobnih-podataka\/\",\"url\":\"https:\/\/hairstyle-news.hr\/festival\/zastita-osobnih-podataka\/\",\"name\":\"Za\u0161tita osobnih podataka - Hairstyle News Festival\",\"isPartOf\":{\"@id\":\"https:\/\/hairstyle-news.hr\/festival\/#website\"},\"datePublished\":\"2018-06-14T09:09:42+00:00\",\"dateModified\":\"2018-11-16T16:10:32+00:00\",\"breadcrumb\":{\"@id\":\"https:\/\/hairstyle-news.hr\/festival\/zastita-osobnih-podataka\/#breadcrumb\"},\"inLanguage\":\"hr\",\"potentialAction\":[{\"@type\":\"ReadAction\",\"target\":[\"https:\/\/hairstyle-news.hr\/festival\/zastita-osobnih-podataka\/\"]}]},{\"@type\":\"BreadcrumbList\",\"@id\":\"https:\/\/hairstyle-news.hr\/festival\/zastita-osobnih-podataka\/#breadcrumb\",\"itemListElement\":[{\"@type\":\"ListItem\",\"position\":1,\"name\":\"Po\u010detna stranica\",\"item\":\"https:\/\/hairstyle-news.hr\/festival\/\"},{\"@type\":\"ListItem\",\"position\":2,\"name\":\"Za\u0161tita osobnih podataka\"}]},{\"@type\":\"WebSite\",\"@id\":\"https:\/\/hairstyle-news.hr\/festival\/#website\",\"url\":\"https:\/\/hairstyle-news.hr\/festival\/\",\"name\":\"Hairstyle News Festival\",\"description\":\"\",\"potentialAction\":[{\"@type\":\"SearchAction\",\"target\":{\"@type\":\"EntryPoint\",\"urlTemplate\":\"https:\/\/hairstyle-news.hr\/festival\/?s={search_term_string}\"},\"query-input\":{\"@type\":\"PropertyValueSpecification\",\"valueRequired\":true,\"valueName\":\"search_term_string\"}}],\"inLanguage\":\"hr\"}]}<\/script>\n<!-- \/ Yoast SEO plugin. -->","yoast_head_json":{"title":"Za\u0161tita osobnih podataka - Hairstyle News Festival","robots":{"index":"index","follow":"follow","max-snippet":"max-snippet:-1","max-image-preview":"max-image-preview:large","max-video-preview":"max-video-preview:-1"},"canonical":"https:\/\/hairstyle-news.hr\/festival\/zastita-osobnih-podataka\/","og_locale":"hr_HR","og_type":"article","og_title":"Za\u0161tita osobnih podataka - Hairstyle News Festival","og_description":"Pravila za\u0161tite privatnosti 1. Op\u0107e informacije Ova Pravila za\u0161tite privatnosti opisuju koje va\u0161e osobne podatke prikupljamo, na koji na\u010din ih obra\u0111ujemo te u koje svrhe ih upotrebljavamo, kao i va\u0161a prava povezana s va\u0161im podacima. Kvarner Kongresi, Zagreb, OIB 89422029199 (pravni predstavnik Hairstyle News-a) obra\u0111uje osobne podatke korisnika svojih usluga i posjetitelja web stranice www.hairstyle-news.hr &hellip; Nastavi \u010ditati \"Za\u0161tita osobnih podataka\"","og_url":"https:\/\/hairstyle-news.hr\/festival\/zastita-osobnih-podataka\/","og_site_name":"Hairstyle News Festival","article_modified_time":"2018-11-16T16:10:32+00:00","twitter_card":"summary_large_image","twitter_misc":{"Procijenjeno vrijeme \u010ditanja":"8 minuta"},"schema":{"@context":"https:\/\/schema.org","@graph":[{"@type":"WebPage","@id":"https:\/\/hairstyle-news.hr\/festival\/zastita-osobnih-podataka\/","url":"https:\/\/hairstyle-news.hr\/festival\/zastita-osobnih-podataka\/","name":"Za\u0161tita osobnih podataka - Hairstyle News Festival","isPartOf":{"@id":"https:\/\/hairstyle-news.hr\/festival\/#website"},"datePublished":"2018-06-14T09:09:42+00:00","dateModified":"2018-11-16T16:10:32+00:00","breadcrumb":{"@id":"https:\/\/hairstyle-news.hr\/festival\/zastita-osobnih-podataka\/#breadcrumb"},"inLanguage":"hr","potentialAction":[{"@type":"ReadAction","target":["https:\/\/hairstyle-news.hr\/festival\/zastita-osobnih-podataka\/"]}]},{"@type":"BreadcrumbList","@id":"https:\/\/hairstyle-news.hr\/festival\/zastita-osobnih-podataka\/#breadcrumb","itemListElement":[{"@type":"ListItem","position":1,"name":"Po\u010detna stranica","item":"https:\/\/hairstyle-news.hr\/festival\/"},{"@type":"ListItem","position":2,"name":"Za\u0161tita osobnih podataka"}]},{"@type":"WebSite","@id":"https:\/\/hairstyle-news.hr\/festival\/#website","url":"https:\/\/hairstyle-news.hr\/festival\/","name":"Hairstyle News Festival","description":"","potentialAction":[{"@type":"SearchAction","target":{"@type":"EntryPoint","urlTemplate":"https:\/\/hairstyle-news.hr\/festival\/?s={search_term_string}"},"query-input":{"@type":"PropertyValueSpecification","valueRequired":true,"valueName":"search_term_string"}}],"inLanguage":"hr"}]}},"_links":{"self":[{"href":"https:\/\/hairstyle-news.hr\/festival\/wp-json\/wp\/v2\/pages\/27506","targetHints":{"allow":["GET"]}}],"collection":[{"href":"https:\/\/hairstyle-news.hr\/festival\/wp-json\/wp\/v2\/pages"}],"about":[{"href":"https:\/\/hairstyle-news.hr\/festival\/wp-json\/wp\/v2\/types\/page"}],"author":[{"embeddable":true,"href":"https:\/\/hairstyle-news.hr\/festival\/wp-json\/wp\/v2\/users\/1"}],"replies":[{"embeddable":true,"href":"https:\/\/hairstyle-news.hr\/festival\/wp-json\/wp\/v2\/comments?post=27506"}],"version-history":[{"count":4,"href":"https:\/\/hairstyle-news.hr\/festival\/wp-json\/wp\/v2\/pages\/27506\/revisions"}],"predecessor-version":[{"id":27631,"href":"https:\/\/hairstyle-news.hr\/festival\/wp-json\/wp\/v2\/pages\/27506\/revisions\/27631"}],"wp:attachment":[{"href":"https:\/\/hairstyle-news.hr\/festival\/wp-json\/wp\/v2\/media?parent=27506"}],"curies":[{"name":"wp","href":"https:\/\/api.w.org\/{rel}","templated":true}]}}