{"id":142,"date":"2017-12-27T12:57:47","date_gmt":"2017-12-27T12:57:47","guid":{"rendered":"http:\/\/hairstyle-news.hr\/festival-new\/?page_id=142"},"modified":"2026-01-13T13:33:04","modified_gmt":"2026-01-13T11:33:04","slug":"kontakt","status":"publish","type":"page","link":"https:\/\/hairstyle-news.hr\/festival\/kontakt\/","title":{"rendered":"Kontakt"},"content":{"rendered":"<div id=\"kontakt-stranica-forma-wrapper\">\n<div id=\"kontakt-stranica-forma-inner\" class=\"teneighty-block\">\n<h2 class=\"big-title\">Kontakt<\/h2>\n<p><img decoding=\"async\" class=\"divider-white\" src=\"\/festival\/wp-content\/uploads\/2017\/12\/divider-1.png\"><\/p>\n<p id=\"izlagaci-kontakt-uvod\">Ukoliko imate dodatnih pitanja slobodno nas kontaktirajte ili nam po\u0161aljite upit putem kontakt obrasca<\/p>\n<div id=\"izlagaci-kontakt-forma\">\n<div class=\"wpcf7 no-js\" id=\"wpcf7-f139-o1\" lang=\"hr\" dir=\"ltr\" data-wpcf7-id=\"139\">\n<div class=\"screen-reader-response\"><p role=\"status\" aria-live=\"polite\" aria-atomic=\"true\"><\/p> <ul><\/ul><\/div>\n<form action=\"\/festival\/wp-json\/wp\/v2\/pages\/142#wpcf7-f139-o1\" method=\"post\" class=\"wpcf7-form init wpcf7-acceptance-as-validation\" aria-label=\"Kontakt obrazac\" novalidate=\"novalidate\" data-status=\"init\">\n<fieldset class=\"hidden-fields-container\"><input type=\"hidden\" name=\"_wpcf7\" value=\"139\" \/><input type=\"hidden\" name=\"_wpcf7_version\" value=\"6.1.5\" \/><input type=\"hidden\" name=\"_wpcf7_locale\" value=\"hr\" \/><input type=\"hidden\" name=\"_wpcf7_unit_tag\" value=\"wpcf7-f139-o1\" \/><input type=\"hidden\" name=\"_wpcf7_container_post\" value=\"0\" \/><input type=\"hidden\" name=\"_wpcf7_posted_data_hash\" value=\"\" \/>\n<\/fieldset>\n<div id=\"info-kontakt-wrapper\">\n\t<div id=\"info-kontakt-lijevo\">\n\t\t<p><span class=\"wpcf7-form-control-wrap\" data-name=\"your-name\"><input size=\"40\" maxlength=\"400\" class=\"wpcf7-form-control wpcf7-text wpcf7-validates-as-required\" aria-required=\"true\" aria-invalid=\"false\" placeholder=\"Va\u0161e ime\" value=\"\" type=\"text\" name=\"your-name\" \/><\/span>\n\t\t<\/p>\n\t\t<p><span class=\"wpcf7-form-control-wrap\" data-name=\"your-email\"><input size=\"40\" maxlength=\"400\" class=\"wpcf7-form-control wpcf7-email wpcf7-validates-as-required wpcf7-text wpcf7-validates-as-email\" aria-required=\"true\" aria-invalid=\"false\" placeholder=\"Va\u0161 e-mail\" value=\"\" type=\"email\" name=\"your-email\" \/><\/span>\n\t\t<\/p>\n\t\t<p><span class=\"wpcf7-form-control-wrap\" data-name=\"your-subject\"><input size=\"40\" maxlength=\"400\" class=\"wpcf7-form-control wpcf7-text wpcf7-validates-as-required\" aria-required=\"true\" aria-invalid=\"false\" placeholder=\"Predmet\" value=\"\" type=\"text\" name=\"your-subject\" \/><\/span>\n\t\t<\/p>\n\t\t<p><span class=\"wpcf7-form-control-wrap\" data-name=\"your-message\"><textarea cols=\"40\" rows=\"10\" maxlength=\"2000\" class=\"wpcf7-form-control wpcf7-textarea wpcf7-validates-as-required\" aria-required=\"true\" aria-invalid=\"false\" placeholder=\"Poruka\" name=\"your-message\"><\/textarea><\/span>\n\t\t<\/p>\n\t\t<div id=\"gdrp-checkbox-kontakt\">\n\t\t\t<p><span class=\"wpcf7-form-control-wrap\" data-name=\"acceptance-935\"><span class=\"wpcf7-form-control wpcf7-acceptance\"><span class=\"wpcf7-list-item\"><label><input type=\"checkbox\" name=\"acceptance-935\" value=\"1\" aria-invalid=\"false\" \/><span class=\"wpcf7-list-item-label\">Izjavljujem da su gornji podaci to\u010dni i prihva\u0107am <a href=\"\/festival\/uvjeti-koristenja\/\" target=\"_blank\">Uvjete kori\u0161tenja<\/a> i <a href=\"\/festival\/zastita-osobnih-podataka\/\" target=\"_blank\">Pravila za\u0161tite privatnosti<\/a>  web stranice Harstyle-News.hr<\/span><\/label><\/span><\/span><\/span>\n\t\t\t<\/p>\n\t\t<\/div>\n\t<\/div>\n\t<div id=\"info-kontakt-desno\">\n\t\t<p><img src=\"\/festival\/wp-content\/uploads\/2018\/01\/HSN-logo-kontakt.png\" \/>\n\t\t<\/p>\n\t\t<h2>Kvarner kongresi\n\t\t<\/h2>\n\t\t<ul>\n\t\t\t<li>\n\t\t\t\t<p>Ulica grada Vukovara 62B<br \/>\n10000 Zagreb - HR\n\t\t\t\t<\/p>\n\t\t\t<\/li>\n\t\t\t<li>\n\t\t\t\t<p><strong>Telefon:<\/strong> +385 (0)1 5513-274\n\t\t\t\t<\/p>\n\t\t\t<\/li>\n\t\t\t<li>\n\t\t\t\t<p><strong>E-mail:<\/strong> info@hairstyle-news.hr\n\t\t\t\t<\/p>\n\t\t\t<\/li>\n\t\t\t<li>\n\t\t\t\t<p><span style=\"color:transparent; font-weight:bold;\">&nbsp;E-mail:<\/span>marketing@hairstyle-news.hr\n\t\t\t\t<\/p>\n\t\t\t<\/li>\n\t\t\t<li>\n\t\t\t\t<p><strong>Web:<\/strong> www.hairstyle-news.hr\n\t\t\t\t<\/p>\n\t\t\t<\/li>\n\t\t<\/ul>\n\t\t<p><input class=\"wpcf7-form-control wpcf7-submit has-spinner\" type=\"submit\" value=\"Po\u0161alji\" \/>\n\t\t<\/p>\n\t<\/div>\n\t<div class=\"clear\">\n\t<\/div>\n<\/div><input type='hidden' class='wpcf7-pum' value='{\"closepopup\":false,\"closedelay\":0,\"openpopup\":false,\"openpopup_id\":0}' \/><div class=\"wpcf7-response-output\" aria-hidden=\"true\"><\/div>\n<\/form>\n<\/div>\n<\/div>\n<\/div>\n<\/div>\n<p><!-- end of kontakt-stranica-forma-wrapper --><\/p>\n<p><!--\n\n\n<div id=\"naslovna-social-wrapper\">\n\n\n<div id=\"naslovna-social-inner\" class=\"teneighty-block\">\n\n\n<h2 class=\"big-title\">Pratite nas na dru\u0161tvenim mre\u017eama<\/h2>\n\n\n<img decoding=\"async\" class=\"divider-white\" src=\"\/festival\/wp-content\/uploads\/2017\/12\/divider-2.png\">\n\n\n<div id=\"social-links\" class=\" animated zoomIn duration1 eds-on-scroll \">\n<a href=\"https:\/\/www.facebook.com\/HairstyleNews\" target=\"_blank\" rel=\"noopener noreferrer\"><img decoding=\"async\" src=\"\/festival\/wp-content\/uploads\/2017\/12\/social-facebook.png\"><\/a>  \n<a href=\"https:\/\/www.youtube.com\/user\/HairstyleNews\" target=\"_blank\" rel=\"noopener noreferrer\"><img decoding=\"async\" src=\"\/festival\/wp-content\/uploads\/2017\/12\/social-youtube.png\"><\/a>  \n<a href=\"https:\/\/www.instagram.com\/hairstylenewscroatia\/\" target=\"_blank\" rel=\"noopener noreferrer\"><img decoding=\"async\" src=\"\/festival\/wp-content\/uploads\/2017\/12\/social-instagram.png\"><\/a> \n<a href=\"https:\/\/issuu.com\/hairstylenews\" target=\"_blank\" rel=\"noopener noreferrer\"><img decoding=\"async\" src=\"\/festival\/wp-content\/uploads\/2017\/12\/social-issuu.png\"><\/a><\/div>\n\n\n<\/div>\n\n\n<\/div>\n\n\nend of naslovna-social-wrapper --><\/p>\n<div id=\"ulaznice-odbrojavanje\">\n<div id=\"ulaznice-odbrojavanje-inner\">\n<h3>Me\u0111u prvima otkrijte najnovije trendove i lookove! Broj mjesta je ograni\u010den. Vidimo se za&#8230;<\/h3>\n<div id=\"69ea53ef1e7cf-countdown\" class=\"tminus_countdown\" style=\"width:auto; height:auto;\"><div class=\"jedi-countdown omitweeks\"><div id=\"69ea53ef1e7cf-tophtml\" class=\"jedi-tophtml\"><\/div><div id=\"69ea53ef1e7cf-dashboard\" class=\"jedi-dashboard\"><div class=\"jedi-dash jedi-days_dash\"><div class=\"jedi-dash_title\">dana<\/div><div class=\"jedi-digit\">-4<\/div><div class=\"jedi-digit\">-1<\/div><\/div><div class=\"jedi-dash jedi-hours_dash\"><div class=\"jedi-dash_title\">sati<\/div><div class=\"jedi-digit\">0<\/div><div class=\"jedi-digit\">-9<\/div><\/div><div class=\"jedi-dash jedi-minutes_dash\"><div class=\"jedi-dash_title\">minuta<\/div><div class=\"jedi-digit\">-1<\/div><div class=\"jedi-digit\">-7<\/div><\/div><div class=\"jedi-dash jedi-seconds_dash\"><div class=\"jedi-dash_title\">sekundi<\/div><div class=\"jedi-digit\">-3<\/div><div class=\"jedi-digit\">-1<\/div><\/div><\/div><div id=\"69ea53ef1e7cf-bothtml\" class=\"jedi-bothtml\"><\/div><\/div><\/div><a id=\"counter-button\" href=\"\/festival\/ulaznice\/\">Kupi ulaznice<\/a><\/p>\n<div class=\"clear\"><\/div>\n<\/div>\n<\/div>\n","protected":false},"excerpt":{"rendered":"<p>Kontakt Ukoliko imate dodatnih pitanja slobodno nas kontaktirajte ili nam po\u0161aljite upit putem kontakt obrasca Me\u0111u prvima otkrijte najnovije trendove i lookove! Broj mjesta je ograni\u010den. Vidimo se za&#8230; Kupi ulaznice<\/p>\n","protected":false},"author":1,"featured_media":32461,"parent":0,"menu_order":0,"comment_status":"closed","ping_status":"closed","template":"","meta":{"ngg_post_thumbnail":0,"footnotes":""},"class_list":["post-142","page","type-page","status-publish","has-post-thumbnail","hentry"],"yoast_head":"<!-- This site is optimized with the Yoast SEO plugin v27.0 - https:\/\/yoast.com\/product\/yoast-seo-wordpress\/ -->\n<title>Kontakt - Hairstyle News Festival<\/title>\n<meta name=\"robots\" content=\"index, follow, max-snippet:-1, max-image-preview:large, max-video-preview:-1\" \/>\n<link rel=\"canonical\" href=\"https:\/\/hairstyle-news.hr\/festival\/kontakt\/\" \/>\n<meta property=\"og:locale\" content=\"hr_HR\" \/>\n<meta property=\"og:type\" content=\"article\" \/>\n<meta property=\"og:title\" content=\"Kontakt - Hairstyle News Festival\" \/>\n<meta property=\"og:description\" content=\"Kontakt Ukoliko imate dodatnih pitanja slobodno nas kontaktirajte ili nam po\u0161aljite upit putem kontakt obrasca Me\u0111u prvima otkrijte najnovije trendove i lookove! Broj mjesta je ograni\u010den. Vidimo se za&#8230; Kupi ulaznice\" \/>\n<meta property=\"og:url\" content=\"https:\/\/hairstyle-news.hr\/festival\/kontakt\/\" \/>\n<meta property=\"og:site_name\" content=\"Hairstyle News Festival\" \/>\n<meta property=\"article:modified_time\" content=\"2026-01-13T11:33:04+00:00\" \/>\n<meta property=\"og:image\" content=\"https:\/\/hairstyle-news.hr\/festival\/wp-content\/uploads\/2026\/01\/HSN2026-shareFB.webp\" \/>\n\t<meta property=\"og:image:width\" content=\"800\" \/>\n\t<meta property=\"og:image:height\" content=\"478\" \/>\n\t<meta property=\"og:image:type\" content=\"image\/webp\" \/>\n<meta name=\"twitter:card\" content=\"summary_large_image\" \/>\n<meta name=\"twitter:label1\" content=\"Procijenjeno vrijeme \u010ditanja\" \/>\n\t<meta name=\"twitter:data1\" content=\"1 minuta\" \/>\n<script type=\"application\/ld+json\" class=\"yoast-schema-graph\">{\"@context\":\"https:\/\/schema.org\",\"@graph\":[{\"@type\":\"WebPage\",\"@id\":\"https:\/\/hairstyle-news.hr\/festival\/kontakt\/\",\"url\":\"https:\/\/hairstyle-news.hr\/festival\/kontakt\/\",\"name\":\"Kontakt - Hairstyle News Festival\",\"isPartOf\":{\"@id\":\"https:\/\/hairstyle-news.hr\/festival\/#website\"},\"primaryImageOfPage\":{\"@id\":\"https:\/\/hairstyle-news.hr\/festival\/kontakt\/#primaryimage\"},\"image\":{\"@id\":\"https:\/\/hairstyle-news.hr\/festival\/kontakt\/#primaryimage\"},\"thumbnailUrl\":\"https:\/\/hairstyle-news.hr\/festival\/wp-content\/uploads\/2026\/01\/HSN2026-shareFB.webp\",\"datePublished\":\"2017-12-27T12:57:47+00:00\",\"dateModified\":\"2026-01-13T11:33:04+00:00\",\"breadcrumb\":{\"@id\":\"https:\/\/hairstyle-news.hr\/festival\/kontakt\/#breadcrumb\"},\"inLanguage\":\"hr\",\"potentialAction\":[{\"@type\":\"ReadAction\",\"target\":[\"https:\/\/hairstyle-news.hr\/festival\/kontakt\/\"]}]},{\"@type\":\"ImageObject\",\"inLanguage\":\"hr\",\"@id\":\"https:\/\/hairstyle-news.hr\/festival\/kontakt\/#primaryimage\",\"url\":\"https:\/\/hairstyle-news.hr\/festival\/wp-content\/uploads\/2026\/01\/HSN2026-shareFB.webp\",\"contentUrl\":\"https:\/\/hairstyle-news.hr\/festival\/wp-content\/uploads\/2026\/01\/HSN2026-shareFB.webp\",\"width\":800,\"height\":478},{\"@type\":\"BreadcrumbList\",\"@id\":\"https:\/\/hairstyle-news.hr\/festival\/kontakt\/#breadcrumb\",\"itemListElement\":[{\"@type\":\"ListItem\",\"position\":1,\"name\":\"Po\u010detna stranica\",\"item\":\"https:\/\/hairstyle-news.hr\/festival\/\"},{\"@type\":\"ListItem\",\"position\":2,\"name\":\"Kontakt\"}]},{\"@type\":\"WebSite\",\"@id\":\"https:\/\/hairstyle-news.hr\/festival\/#website\",\"url\":\"https:\/\/hairstyle-news.hr\/festival\/\",\"name\":\"Hairstyle News Festival\",\"description\":\"\",\"potentialAction\":[{\"@type\":\"SearchAction\",\"target\":{\"@type\":\"EntryPoint\",\"urlTemplate\":\"https:\/\/hairstyle-news.hr\/festival\/?s={search_term_string}\"},\"query-input\":{\"@type\":\"PropertyValueSpecification\",\"valueRequired\":true,\"valueName\":\"search_term_string\"}}],\"inLanguage\":\"hr\"}]}<\/script>\n<!-- \/ Yoast SEO plugin. -->","yoast_head_json":{"title":"Kontakt - Hairstyle News Festival","robots":{"index":"index","follow":"follow","max-snippet":"max-snippet:-1","max-image-preview":"max-image-preview:large","max-video-preview":"max-video-preview:-1"},"canonical":"https:\/\/hairstyle-news.hr\/festival\/kontakt\/","og_locale":"hr_HR","og_type":"article","og_title":"Kontakt - Hairstyle News Festival","og_description":"Kontakt Ukoliko imate dodatnih pitanja slobodno nas kontaktirajte ili nam po\u0161aljite upit putem kontakt obrasca Me\u0111u prvima otkrijte najnovije trendove i lookove! Broj mjesta je ograni\u010den. Vidimo se za&#8230; Kupi ulaznice","og_url":"https:\/\/hairstyle-news.hr\/festival\/kontakt\/","og_site_name":"Hairstyle News Festival","article_modified_time":"2026-01-13T11:33:04+00:00","og_image":[{"width":800,"height":478,"url":"https:\/\/hairstyle-news.hr\/festival\/wp-content\/uploads\/2026\/01\/HSN2026-shareFB.webp","type":"image\/webp"}],"twitter_card":"summary_large_image","twitter_misc":{"Procijenjeno vrijeme \u010ditanja":"1 minuta"},"schema":{"@context":"https:\/\/schema.org","@graph":[{"@type":"WebPage","@id":"https:\/\/hairstyle-news.hr\/festival\/kontakt\/","url":"https:\/\/hairstyle-news.hr\/festival\/kontakt\/","name":"Kontakt - Hairstyle News Festival","isPartOf":{"@id":"https:\/\/hairstyle-news.hr\/festival\/#website"},"primaryImageOfPage":{"@id":"https:\/\/hairstyle-news.hr\/festival\/kontakt\/#primaryimage"},"image":{"@id":"https:\/\/hairstyle-news.hr\/festival\/kontakt\/#primaryimage"},"thumbnailUrl":"https:\/\/hairstyle-news.hr\/festival\/wp-content\/uploads\/2026\/01\/HSN2026-shareFB.webp","datePublished":"2017-12-27T12:57:47+00:00","dateModified":"2026-01-13T11:33:04+00:00","breadcrumb":{"@id":"https:\/\/hairstyle-news.hr\/festival\/kontakt\/#breadcrumb"},"inLanguage":"hr","potentialAction":[{"@type":"ReadAction","target":["https:\/\/hairstyle-news.hr\/festival\/kontakt\/"]}]},{"@type":"ImageObject","inLanguage":"hr","@id":"https:\/\/hairstyle-news.hr\/festival\/kontakt\/#primaryimage","url":"https:\/\/hairstyle-news.hr\/festival\/wp-content\/uploads\/2026\/01\/HSN2026-shareFB.webp","contentUrl":"https:\/\/hairstyle-news.hr\/festival\/wp-content\/uploads\/2026\/01\/HSN2026-shareFB.webp","width":800,"height":478},{"@type":"BreadcrumbList","@id":"https:\/\/hairstyle-news.hr\/festival\/kontakt\/#breadcrumb","itemListElement":[{"@type":"ListItem","position":1,"name":"Po\u010detna stranica","item":"https:\/\/hairstyle-news.hr\/festival\/"},{"@type":"ListItem","position":2,"name":"Kontakt"}]},{"@type":"WebSite","@id":"https:\/\/hairstyle-news.hr\/festival\/#website","url":"https:\/\/hairstyle-news.hr\/festival\/","name":"Hairstyle News Festival","description":"","potentialAction":[{"@type":"SearchAction","target":{"@type":"EntryPoint","urlTemplate":"https:\/\/hairstyle-news.hr\/festival\/?s={search_term_string}"},"query-input":{"@type":"PropertyValueSpecification","valueRequired":true,"valueName":"search_term_string"}}],"inLanguage":"hr"}]}},"_links":{"self":[{"href":"https:\/\/hairstyle-news.hr\/festival\/wp-json\/wp\/v2\/pages\/142","targetHints":{"allow":["GET"]}}],"collection":[{"href":"https:\/\/hairstyle-news.hr\/festival\/wp-json\/wp\/v2\/pages"}],"about":[{"href":"https:\/\/hairstyle-news.hr\/festival\/wp-json\/wp\/v2\/types\/page"}],"author":[{"embeddable":true,"href":"https:\/\/hairstyle-news.hr\/festival\/wp-json\/wp\/v2\/users\/1"}],"replies":[{"embeddable":true,"href":"https:\/\/hairstyle-news.hr\/festival\/wp-json\/wp\/v2\/comments?post=142"}],"version-history":[{"count":16,"href":"https:\/\/hairstyle-news.hr\/festival\/wp-json\/wp\/v2\/pages\/142\/revisions"}],"predecessor-version":[{"id":32367,"href":"https:\/\/hairstyle-news.hr\/festival\/wp-json\/wp\/v2\/pages\/142\/revisions\/32367"}],"wp:featuredmedia":[{"embeddable":true,"href":"https:\/\/hairstyle-news.hr\/festival\/wp-json\/wp\/v2\/media\/32461"}],"wp:attachment":[{"href":"https:\/\/hairstyle-news.hr\/festival\/wp-json\/wp\/v2\/media?parent=142"}],"curies":[{"name":"wp","href":"https:\/\/api.w.org\/{rel}","templated":true}]}}